{"id":43,"date":"2023-01-17T11:36:39","date_gmt":"2023-01-17T14:36:39","guid":{"rendered":"http:\/\/zeliadvogados.com.br\/?page_id=43"},"modified":"2023-02-23T11:43:02","modified_gmt":"2023-02-23T14:43:02","slug":"equipe","status":"publish","type":"page","link":"https:\/\/zeliadvogados.com.br\/index.php\/equipe\/","title":{"rendered":"Equipe"},"content":{"rendered":"\t\t<div data-elementor-type=\"wp-page\" data-elementor-id=\"43\" class=\"elementor elementor-43\">\n\t\t\t\t\t\t<section class=\"elementor-section elementor-top-section elementor-element elementor-element-76d8d9a elementor-section-height-min-height elementor-section-boxed elementor-section-height-default elementor-section-items-middle\" data-id=\"76d8d9a\" data-element_type=\"section\" data-e-type=\"section\" data-settings=\"{&quot;background_background&quot;:&quot;classic&quot;}\">\n\t\t\t\t\t\t\t<div class=\"elementor-background-overlay\"><\/div>\n\t\t\t\t\t\t\t<div class=\"elementor-container elementor-column-gap-default\">\n\t\t\t\t\t<div class=\"elementor-column elementor-col-100 elementor-top-column elementor-element elementor-element-774a7d4\" data-id=\"774a7d4\" data-element_type=\"column\" data-e-type=\"column\">\n\t\t\t<div class=\"elementor-widget-wrap elementor-element-populated\">\n\t\t\t\t\t\t<div class=\"elementor-element elementor-element-ef1765d elementor-widget elementor-widget-heading\" data-id=\"ef1765d\" data-element_type=\"widget\" data-e-type=\"widget\" data-widget_type=\"heading.default\">\n\t\t\t\t<div class=\"elementor-widget-container\">\n\t\t\t\t\t<h2 class=\"elementor-heading-title elementor-size-default\">Nossos Profissionais<\/h2>\t\t\t\t<\/div>\n\t\t\t\t<\/div>\n\t\t\t\t\t<\/div>\n\t\t<\/div>\n\t\t\t\t\t<\/div>\n\t\t<\/section>\n\t\t\t\t<section class=\"elementor-section elementor-top-section elementor-element elementor-element-aa1360a elementor-section-boxed elementor-section-height-default elementor-section-height-default elementor-invisible\" data-id=\"aa1360a\" data-element_type=\"section\" data-e-type=\"section\" data-settings=\"{&quot;background_background&quot;:&quot;slideshow&quot;,&quot;background_slideshow_gallery&quot;:[{&quot;id&quot;:621,&quot;url&quot;:&quot;http:\\\/\\\/zeliadvogados.com.br\\\/wp-content\\\/uploads\\\/2023\\\/01\\\/Sem-nome-1920-\u00d7-1000-px-9.png&quot;}],&quot;animation&quot;:&quot;fadeInDown&quot;,&quot;background_slideshow_loop&quot;:&quot;yes&quot;,&quot;background_slideshow_slide_duration&quot;:5000,&quot;background_slideshow_slide_transition&quot;:&quot;fade&quot;,&quot;background_slideshow_transition_duration&quot;:500}\">\n\t\t\t\t\t\t<div class=\"elementor-container elementor-column-gap-default\">\n\t\t\t\t\t<div class=\"elementor-column elementor-col-100 elementor-top-column elementor-element elementor-element-bee3a89\" data-id=\"bee3a89\" data-element_type=\"column\" data-e-type=\"column\">\n\t\t\t<div class=\"elementor-widget-wrap elementor-element-populated\">\n\t\t\t\t\t\t<div class=\"elementor-element elementor-element-d600b58 elementor-widget elementor-widget-heading\" data-id=\"d600b58\" data-element_type=\"widget\" data-e-type=\"widget\" data-widget_type=\"heading.default\">\n\t\t\t\t<div class=\"elementor-widget-container\">\n\t\t\t\t\t<h2 class=\"elementor-heading-title elementor-size-xl\">SOMOS GUIADOS PELO COMPROMETIMENTO E EXCEL\u00caNCIA\n\n\n<\/h2>\t\t\t\t<\/div>\n\t\t\t\t<\/div>\n\t\t\t\t\t<\/div>\n\t\t<\/div>\n\t\t\t\t\t<\/div>\n\t\t<\/section>\n\t\t\t\t<section class=\"elementor-section elementor-top-section elementor-element elementor-element-896d3ef elementor-section-boxed elementor-section-height-default elementor-section-height-default\" data-id=\"896d3ef\" data-element_type=\"section\" data-e-type=\"section\">\n\t\t\t\t\t\t<div class=\"elementor-container elementor-column-gap-default\">\n\t\t\t\t\t<div class=\"elementor-column elementor-col-100 elementor-top-column elementor-element elementor-element-42c75f6\" data-id=\"42c75f6\" data-element_type=\"column\" data-e-type=\"column\">\n\t\t\t<div class=\"elementor-widget-wrap elementor-element-populated\">\n\t\t\t\t\t\t<div class=\"elementor-element elementor-element-0744708 elementor-widget elementor-widget-text-editor\" data-id=\"0744708\" data-element_type=\"widget\" data-e-type=\"widget\" data-widget_type=\"text-editor.default\">\n\t\t\t\t<div class=\"elementor-widget-container\">\n\t\t\t\t\t\t\t\t\t<p>Nossa equipe assegura ao cliente servi\u00e7os jur\u00eddicos e consultivos de alt\u00edssima qualidade que, somados a um atendimento personalizado e alinhado com o caso em quest\u00e3o,<strong> causam encantamento. <\/strong>Nosso compromisso \u00e9<strong> alcan\u00e7ar resultados e ultrapassar expectativas. <\/strong>Temos o\u00a0objetivo di\u00e1rio de\u00a0<strong>satisfazer o cliente com honestidade e \u00e9tica.<\/strong><\/p><p>Todos os nossos clientes s\u00e3o \u00fanicos, e cada caso \u00e9<strong> ESTUDADO EXCLUSIVAMENTE PARA ATENDER \u00c0 NECESSIDADE ESPEC\u00cdFICA DO CLIENTE, <\/strong>para que a melhor solu\u00e7\u00e3o seja dada!<\/p><p>Por conta disso, cada atendimento \u00e9 especializado com um advogado expert que vai analisar o caso com excel\u00eancia, examinar a documenta\u00e7\u00e3o, e trazer a solu\u00e7\u00e3o que todo cliente precisa.<\/p><p><strong> Atualmente o escrit\u00f3rio \u00e9 dirigido pela advogada Dra. Anayr\u00ea Zeli, com unidades de atendimento na maior parte do pa\u00eds.<\/strong><\/p><p><strong>Conhe\u00e7am nossa equipe!<\/strong><\/p><div>\u00a0<\/div>\t\t\t\t\t\t\t\t<\/div>\n\t\t\t\t<\/div>\n\t\t\t\t\t<\/div>\n\t\t<\/div>\n\t\t\t\t\t<\/div>\n\t\t<\/section>\n\t\t\t\t<section class=\"elementor-section elementor-top-section elementor-element elementor-element-01443ce elementor-section-boxed elementor-section-height-default elementor-section-height-default\" data-id=\"01443ce\" data-element_type=\"section\" data-e-type=\"section\">\n\t\t\t\t\t\t<div class=\"elementor-container elementor-column-gap-default\">\n\t\t\t\t\t<div class=\"elementor-column elementor-col-50 elementor-top-column elementor-element elementor-element-0acdd03\" data-id=\"0acdd03\" data-element_type=\"column\" data-e-type=\"column\">\n\t\t\t<div class=\"elementor-widget-wrap elementor-element-populated\">\n\t\t\t\t\t\t<div class=\"elementor-element elementor-element-1d6b822 elementor-widget elementor-widget-image\" data-id=\"1d6b822\" data-element_type=\"widget\" data-e-type=\"widget\" data-widget_type=\"image.default\">\n\t\t\t\t<div class=\"elementor-widget-container\">\n\t\t\t\t\t\t\t\t\t\t\t\t\t\t\t<img decoding=\"async\" src=\"https:\/\/zeliadvogados.com.br\/wp-content\/uploads\/2023\/01\/WhatsApp-Image-2023-01-27-at-11.15.54.jpeg\" title=\"WhatsApp Image 2023-01-27 at 11.15.54\" alt=\"WhatsApp Image 2023-01-27 at 11.15.54\" loading=\"lazy\" \/>\t\t\t\t\t\t\t\t\t\t\t\t\t\t\t<\/div>\n\t\t\t\t<\/div>\n\t\t\t\t<div class=\"elementor-element elementor-element-994d423 elementor-widget elementor-widget-heading\" data-id=\"994d423\" data-element_type=\"widget\" data-e-type=\"widget\" data-widget_type=\"heading.default\">\n\t\t\t\t<div class=\"elementor-widget-container\">\n\t\t\t\t\t<h2 class=\"elementor-heading-title elementor-size-default\">Anna Laura Medeiros<br>annalaura@zeliadvogados.com.br<\/h2>\t\t\t\t<\/div>\n\t\t\t\t<\/div>\n\t\t\t\t\t<\/div>\n\t\t<\/div>\n\t\t\t\t<div class=\"elementor-column elementor-col-50 elementor-top-column elementor-element elementor-element-caa1f7a\" data-id=\"caa1f7a\" data-element_type=\"column\" data-e-type=\"column\">\n\t\t\t<div class=\"elementor-widget-wrap elementor-element-populated\">\n\t\t\t\t\t\t<div class=\"elementor-element elementor-element-27404df elementor-widget elementor-widget-image\" data-id=\"27404df\" data-element_type=\"widget\" data-e-type=\"widget\" data-widget_type=\"image.default\">\n\t\t\t\t<div class=\"elementor-widget-container\">\n\t\t\t\t\t\t\t\t\t\t\t\t\t\t\t<img decoding=\"async\" src=\"https:\/\/zeliadvogados.com.br\/wp-content\/uploads\/2023\/01\/IMG_3399-scaled.jpg\" title=\"IMG_3399\" alt=\"IMG_3399\" loading=\"lazy\" \/>\t\t\t\t\t\t\t\t\t\t\t\t\t\t\t<\/div>\n\t\t\t\t<\/div>\n\t\t\t\t<div class=\"elementor-element elementor-element-74f1bb8 elementor-widget elementor-widget-heading\" data-id=\"74f1bb8\" data-element_type=\"widget\" data-e-type=\"widget\" data-widget_type=\"heading.default\">\n\t\t\t\t<div class=\"elementor-widget-container\">\n\t\t\t\t\t<h2 class=\"elementor-heading-title elementor-size-default\">Ra\u00edssa Mariana<br>raissa@zeliadvogados.com.br<\/h2>\t\t\t\t<\/div>\n\t\t\t\t<\/div>\n\t\t\t\t\t<\/div>\n\t\t<\/div>\n\t\t\t\t\t<\/div>\n\t\t<\/section>\n\t\t\t\t<section class=\"elementor-section elementor-top-section elementor-element elementor-element-0121750 elementor-section-boxed elementor-section-height-default elementor-section-height-default\" data-id=\"0121750\" data-element_type=\"section\" data-e-type=\"section\">\n\t\t\t\t\t\t<div class=\"elementor-container elementor-column-gap-default\">\n\t\t\t\t\t<div class=\"elementor-column elementor-col-50 elementor-top-column elementor-element elementor-element-4bb29d1\" data-id=\"4bb29d1\" data-element_type=\"column\" data-e-type=\"column\">\n\t\t\t<div class=\"elementor-widget-wrap elementor-element-populated\">\n\t\t\t\t\t\t<div class=\"elementor-element elementor-element-6a50584 elementor-widget elementor-widget-image\" data-id=\"6a50584\" data-element_type=\"widget\" data-e-type=\"widget\" data-widget_type=\"image.default\">\n\t\t\t\t<div class=\"elementor-widget-container\">\n\t\t\t\t\t\t\t\t\t\t\t\t\t\t\t<img decoding=\"async\" src=\"https:\/\/zeliadvogados.com.br\/wp-content\/uploads\/2023\/01\/WhatsApp-Image-2023-01-27-at-19.11.42.jpeg\" title=\"WhatsApp Image 2023-01-27 at 19.11.42\" alt=\"WhatsApp Image 2023-01-27 at 19.11.42\" loading=\"lazy\" \/>\t\t\t\t\t\t\t\t\t\t\t\t\t\t\t<\/div>\n\t\t\t\t<\/div>\n\t\t\t\t<div class=\"elementor-element elementor-element-861ad46 elementor-widget elementor-widget-heading\" data-id=\"861ad46\" data-element_type=\"widget\" data-e-type=\"widget\" data-widget_type=\"heading.default\">\n\t\t\t\t<div class=\"elementor-widget-container\">\n\t\t\t\t\t<h2 class=\"elementor-heading-title elementor-size-default\">Gabriela Soares\n\ngabrielasoares@zeliadvogados.com.br<\/h2>\t\t\t\t<\/div>\n\t\t\t\t<\/div>\n\t\t\t\t\t<\/div>\n\t\t<\/div>\n\t\t\t\t<div class=\"elementor-column elementor-col-50 elementor-top-column elementor-element elementor-element-ccd2707\" data-id=\"ccd2707\" data-element_type=\"column\" data-e-type=\"column\">\n\t\t\t<div class=\"elementor-widget-wrap elementor-element-populated\">\n\t\t\t\t\t\t<div class=\"elementor-element elementor-element-c914668 elementor-widget elementor-widget-image\" data-id=\"c914668\" data-element_type=\"widget\" data-e-type=\"widget\" data-widget_type=\"image.default\">\n\t\t\t\t<div class=\"elementor-widget-container\">\n\t\t\t\t\t\t\t\t\t\t\t\t\t\t\t<img fetchpriority=\"high\" decoding=\"async\" width=\"272\" height=\"375\" src=\"https:\/\/zeliadvogados.com.br\/wp-content\/uploads\/2023\/01\/Foto-socia.jpg\" class=\"attachment-large size-large wp-image-529\" alt=\"\" srcset=\"https:\/\/zeliadvogados.com.br\/wp-content\/uploads\/2023\/01\/Foto-socia.jpg 272w, https:\/\/zeliadvogados.com.br\/wp-content\/uploads\/2023\/01\/Foto-socia-218x300.jpg 218w\" sizes=\"(max-width: 272px) 100vw, 272px\" \/>\t\t\t\t\t\t\t\t\t\t\t\t\t\t\t<\/div>\n\t\t\t\t<\/div>\n\t\t\t\t<div class=\"elementor-element elementor-element-dbf5480 elementor-widget elementor-widget-heading\" data-id=\"dbf5480\" data-element_type=\"widget\" data-e-type=\"widget\" data-widget_type=\"heading.default\">\n\t\t\t\t<div class=\"elementor-widget-container\">\n\t\t\t\t\t<h2 class=\"elementor-heading-title elementor-size-default\">Anayr\u00ea Zeli<br>anayre@zeliadvogados.com.br<\/h2>\t\t\t\t<\/div>\n\t\t\t\t<\/div>\n\t\t\t\t\t<\/div>\n\t\t<\/div>\n\t\t\t\t\t<\/div>\n\t\t<\/section>\n\t\t\t\t<section class=\"elementor-section elementor-top-section elementor-element elementor-element-bbed4a7 elementor-section-boxed elementor-section-height-default elementor-section-height-default\" data-id=\"bbed4a7\" data-element_type=\"section\" data-e-type=\"section\">\n\t\t\t\t\t\t<div class=\"elementor-container elementor-column-gap-default\">\n\t\t\t\t\t<div class=\"elementor-column elementor-col-100 elementor-top-column elementor-element elementor-element-80df93c\" data-id=\"80df93c\" data-element_type=\"column\" data-e-type=\"column\">\n\t\t\t<div class=\"elementor-widget-wrap elementor-element-populated\">\n\t\t\t\t\t\t<div class=\"elementor-element elementor-element-2a98e66 elementor-widget__width-auto elementor-fixed elementor-view-default elementor-invisible elementor-widget elementor-widget-icon\" data-id=\"2a98e66\" data-element_type=\"widget\" data-e-type=\"widget\" data-settings=\"{&quot;_position&quot;:&quot;fixed&quot;,&quot;_animation&quot;:&quot;zoomInDown&quot;}\" data-widget_type=\"icon.default\">\n\t\t\t\t<div class=\"elementor-widget-container\">\n\t\t\t\t\t\t\t<div class=\"elementor-icon-wrapper\">\n\t\t\t<a class=\"elementor-icon elementor-animation-buzz\" href=\"https:\/\/wa.me\/5511974684373?text=Ol%C3%A1!%20Gostaria%20de%20falar%20sobre%20meu%20caso%20com%20um%20advogado!\">\n\t\t\t<i aria-hidden=\"true\" class=\"fab fa-whatsapp-square\"><\/i>\t\t\t<\/a>\n\t\t<\/div>\n\t\t\t\t\t\t<\/div>\n\t\t\t\t<\/div>\n\t\t\t\t\t<\/div>\n\t\t<\/div>\n\t\t\t\t\t<\/div>\n\t\t<\/section>\n\t\t\t\t<\/div>\n\t\t","protected":false},"excerpt":{"rendered":"<p>Nossos Profissionais SOMOS GUIADOS PELO COMPROMETIMENTO E EXCEL\u00caNCIA Nossa equipe assegura ao cliente servi\u00e7os jur\u00eddicos e consultivos de alt\u00edssima qualidade que, somados a um atendimento personalizado e alinhado com o caso em quest\u00e3o, causam encantamento. Nosso compromisso \u00e9 alcan\u00e7ar resultados e ultrapassar expectativas. Temos o\u00a0objetivo di\u00e1rio de\u00a0satisfazer o cliente com honestidade e \u00e9tica. Todos os [&hellip;]<\/p>\n","protected":false},"author":1,"featured_media":0,"parent":0,"menu_order":0,"comment_status":"closed","ping_status":"closed","template":"elementor_header_footer","meta":{"footnotes":""},"class_list":["post-43","page","type-page","status-publish","hentry"],"yoast_head":"<!-- This site is optimized with the Yoast SEO plugin v27.3 - https:\/\/yoast.com\/product\/yoast-seo-wordpress\/ -->\n<title>Equipe - Zeli Advogados<\/title>\n<meta name=\"robots\" content=\"index, follow, max-snippet:-1, max-image-preview:large, max-video-preview:-1\" \/>\n<link rel=\"canonical\" href=\"http:\/\/zeliadvogados.com.br\/index.php\/equipe\/\" \/>\n<meta property=\"og:locale\" content=\"en_US\" \/>\n<meta property=\"og:type\" content=\"article\" \/>\n<meta property=\"og:title\" content=\"Equipe - Zeli Advogados\" \/>\n<meta property=\"og:description\" content=\"Nossos Profissionais SOMOS GUIADOS PELO COMPROMETIMENTO E EXCEL\u00caNCIA Nossa equipe assegura ao cliente servi\u00e7os jur\u00eddicos e consultivos de alt\u00edssima qualidade que, somados a um atendimento personalizado e alinhado com o caso em quest\u00e3o, causam encantamento. Nosso compromisso \u00e9 alcan\u00e7ar resultados e ultrapassar expectativas. Temos o\u00a0objetivo di\u00e1rio de\u00a0satisfazer o cliente com honestidade e \u00e9tica. Todos os [&hellip;]\" \/>\n<meta property=\"og:url\" content=\"http:\/\/zeliadvogados.com.br\/index.php\/equipe\/\" \/>\n<meta property=\"og:site_name\" content=\"Zeli Advogados\" \/>\n<meta property=\"article:publisher\" content=\"https:\/\/www.facebook.com\/Zeliadvogados\" \/>\n<meta property=\"article:modified_time\" content=\"2023-02-23T14:43:02+00:00\" \/>\n<meta property=\"og:image\" content=\"http:\/\/zeliadvogados.com.br\/wp-content\/uploads\/elementor\/thumbs\/WhatsApp-Image-2023-01-27-at-11.15.54-q1abrl4binrrkkpyii50fjjnhp1h34dzk36gdsmu8w.jpeg\" \/>\n<meta name=\"twitter:card\" content=\"summary_large_image\" \/>\n<meta name=\"twitter:label1\" content=\"Est. reading time\" \/>\n\t<meta name=\"twitter:data1\" content=\"1 minute\" \/>\n<script type=\"application\/ld+json\" class=\"yoast-schema-graph\">{\"@context\":\"https:\\\/\\\/schema.org\",\"@graph\":[{\"@type\":\"WebPage\",\"@id\":\"http:\\\/\\\/zeliadvogados.com.br\\\/index.php\\\/equipe\\\/\",\"url\":\"http:\\\/\\\/zeliadvogados.com.br\\\/index.php\\\/equipe\\\/\",\"name\":\"Equipe - Zeli Advogados\",\"isPartOf\":{\"@id\":\"http:\\\/\\\/zeliadvogados.com.br\\\/#website\"},\"primaryImageOfPage\":{\"@id\":\"http:\\\/\\\/zeliadvogados.com.br\\\/index.php\\\/equipe\\\/#primaryimage\"},\"image\":{\"@id\":\"http:\\\/\\\/zeliadvogados.com.br\\\/index.php\\\/equipe\\\/#primaryimage\"},\"thumbnailUrl\":\"http:\\\/\\\/zeliadvogados.com.br\\\/wp-content\\\/uploads\\\/elementor\\\/thumbs\\\/WhatsApp-Image-2023-01-27-at-11.15.54-q1abrl4binrrkkpyii50fjjnhp1h34dzk36gdsmu8w.jpeg\",\"datePublished\":\"2023-01-17T14:36:39+00:00\",\"dateModified\":\"2023-02-23T14:43:02+00:00\",\"breadcrumb\":{\"@id\":\"http:\\\/\\\/zeliadvogados.com.br\\\/index.php\\\/equipe\\\/#breadcrumb\"},\"inLanguage\":\"en-US\",\"potentialAction\":[{\"@type\":\"ReadAction\",\"target\":[\"http:\\\/\\\/zeliadvogados.com.br\\\/index.php\\\/equipe\\\/\"]}]},{\"@type\":\"ImageObject\",\"inLanguage\":\"en-US\",\"@id\":\"http:\\\/\\\/zeliadvogados.com.br\\\/index.php\\\/equipe\\\/#primaryimage\",\"url\":\"http:\\\/\\\/zeliadvogados.com.br\\\/wp-content\\\/uploads\\\/elementor\\\/thumbs\\\/WhatsApp-Image-2023-01-27-at-11.15.54-q1abrl4binrrkkpyii50fjjnhp1h34dzk36gdsmu8w.jpeg\",\"contentUrl\":\"http:\\\/\\\/zeliadvogados.com.br\\\/wp-content\\\/uploads\\\/elementor\\\/thumbs\\\/WhatsApp-Image-2023-01-27-at-11.15.54-q1abrl4binrrkkpyii50fjjnhp1h34dzk36gdsmu8w.jpeg\"},{\"@type\":\"BreadcrumbList\",\"@id\":\"http:\\\/\\\/zeliadvogados.com.br\\\/index.php\\\/equipe\\\/#breadcrumb\",\"itemListElement\":[{\"@type\":\"ListItem\",\"position\":1,\"name\":\"In\u00edcio\",\"item\":\"http:\\\/\\\/zeliadvogados.com.br\\\/\"},{\"@type\":\"ListItem\",\"position\":2,\"name\":\"Equipe\"}]},{\"@type\":\"WebSite\",\"@id\":\"http:\\\/\\\/zeliadvogados.com.br\\\/#website\",\"url\":\"http:\\\/\\\/zeliadvogados.com.br\\\/\",\"name\":\"Zeli Advogados\",\"description\":\"O ESCRIT\u00d3RIO DE ADVOCACIA MAIS RENOMADO DE S\u00c3O PAULO\",\"potentialAction\":[{\"@type\":\"SearchAction\",\"target\":{\"@type\":\"EntryPoint\",\"urlTemplate\":\"http:\\\/\\\/zeliadvogados.com.br\\\/?s={search_term_string}\"},\"query-input\":{\"@type\":\"PropertyValueSpecification\",\"valueRequired\":true,\"valueName\":\"search_term_string\"}}],\"inLanguage\":\"en-US\"}]}<\/script>\n<!-- \/ Yoast SEO plugin. -->","yoast_head_json":{"title":"Equipe - Zeli Advogados","robots":{"index":"index","follow":"follow","max-snippet":"max-snippet:-1","max-image-preview":"max-image-preview:large","max-video-preview":"max-video-preview:-1"},"canonical":"http:\/\/zeliadvogados.com.br\/index.php\/equipe\/","og_locale":"en_US","og_type":"article","og_title":"Equipe - Zeli Advogados","og_description":"Nossos Profissionais SOMOS GUIADOS PELO COMPROMETIMENTO E EXCEL\u00caNCIA Nossa equipe assegura ao cliente servi\u00e7os jur\u00eddicos e consultivos de alt\u00edssima qualidade que, somados a um atendimento personalizado e alinhado com o caso em quest\u00e3o, causam encantamento. Nosso compromisso \u00e9 alcan\u00e7ar resultados e ultrapassar expectativas. Temos o\u00a0objetivo di\u00e1rio de\u00a0satisfazer o cliente com honestidade e \u00e9tica. Todos os [&hellip;]","og_url":"http:\/\/zeliadvogados.com.br\/index.php\/equipe\/","og_site_name":"Zeli Advogados","article_publisher":"https:\/\/www.facebook.com\/Zeliadvogados","article_modified_time":"2023-02-23T14:43:02+00:00","og_image":[{"url":"http:\/\/zeliadvogados.com.br\/wp-content\/uploads\/elementor\/thumbs\/WhatsApp-Image-2023-01-27-at-11.15.54-q1abrl4binrrkkpyii50fjjnhp1h34dzk36gdsmu8w.jpeg","type":"","width":"","height":""}],"twitter_card":"summary_large_image","twitter_misc":{"Est. reading time":"1 minute"},"schema":{"@context":"https:\/\/schema.org","@graph":[{"@type":"WebPage","@id":"http:\/\/zeliadvogados.com.br\/index.php\/equipe\/","url":"http:\/\/zeliadvogados.com.br\/index.php\/equipe\/","name":"Equipe - Zeli Advogados","isPartOf":{"@id":"http:\/\/zeliadvogados.com.br\/#website"},"primaryImageOfPage":{"@id":"http:\/\/zeliadvogados.com.br\/index.php\/equipe\/#primaryimage"},"image":{"@id":"http:\/\/zeliadvogados.com.br\/index.php\/equipe\/#primaryimage"},"thumbnailUrl":"http:\/\/zeliadvogados.com.br\/wp-content\/uploads\/elementor\/thumbs\/WhatsApp-Image-2023-01-27-at-11.15.54-q1abrl4binrrkkpyii50fjjnhp1h34dzk36gdsmu8w.jpeg","datePublished":"2023-01-17T14:36:39+00:00","dateModified":"2023-02-23T14:43:02+00:00","breadcrumb":{"@id":"http:\/\/zeliadvogados.com.br\/index.php\/equipe\/#breadcrumb"},"inLanguage":"en-US","potentialAction":[{"@type":"ReadAction","target":["http:\/\/zeliadvogados.com.br\/index.php\/equipe\/"]}]},{"@type":"ImageObject","inLanguage":"en-US","@id":"http:\/\/zeliadvogados.com.br\/index.php\/equipe\/#primaryimage","url":"http:\/\/zeliadvogados.com.br\/wp-content\/uploads\/elementor\/thumbs\/WhatsApp-Image-2023-01-27-at-11.15.54-q1abrl4binrrkkpyii50fjjnhp1h34dzk36gdsmu8w.jpeg","contentUrl":"http:\/\/zeliadvogados.com.br\/wp-content\/uploads\/elementor\/thumbs\/WhatsApp-Image-2023-01-27-at-11.15.54-q1abrl4binrrkkpyii50fjjnhp1h34dzk36gdsmu8w.jpeg"},{"@type":"BreadcrumbList","@id":"http:\/\/zeliadvogados.com.br\/index.php\/equipe\/#breadcrumb","itemListElement":[{"@type":"ListItem","position":1,"name":"In\u00edcio","item":"http:\/\/zeliadvogados.com.br\/"},{"@type":"ListItem","position":2,"name":"Equipe"}]},{"@type":"WebSite","@id":"http:\/\/zeliadvogados.com.br\/#website","url":"http:\/\/zeliadvogados.com.br\/","name":"Zeli Advogados","description":"O ESCRIT\u00d3RIO DE ADVOCACIA MAIS RENOMADO DE S\u00c3O PAULO","potentialAction":[{"@type":"SearchAction","target":{"@type":"EntryPoint","urlTemplate":"http:\/\/zeliadvogados.com.br\/?s={search_term_string}"},"query-input":{"@type":"PropertyValueSpecification","valueRequired":true,"valueName":"search_term_string"}}],"inLanguage":"en-US"}]}},"_links":{"self":[{"href":"https:\/\/zeliadvogados.com.br\/index.php\/wp-json\/wp\/v2\/pages\/43","targetHints":{"allow":["GET"]}}],"collection":[{"href":"https:\/\/zeliadvogados.com.br\/index.php\/wp-json\/wp\/v2\/pages"}],"about":[{"href":"https:\/\/zeliadvogados.com.br\/index.php\/wp-json\/wp\/v2\/types\/page"}],"author":[{"embeddable":true,"href":"https:\/\/zeliadvogados.com.br\/index.php\/wp-json\/wp\/v2\/users\/1"}],"replies":[{"embeddable":true,"href":"https:\/\/zeliadvogados.com.br\/index.php\/wp-json\/wp\/v2\/comments?post=43"}],"version-history":[{"count":40,"href":"https:\/\/zeliadvogados.com.br\/index.php\/wp-json\/wp\/v2\/pages\/43\/revisions"}],"predecessor-version":[{"id":1607,"href":"https:\/\/zeliadvogados.com.br\/index.php\/wp-json\/wp\/v2\/pages\/43\/revisions\/1607"}],"wp:attachment":[{"href":"https:\/\/zeliadvogados.com.br\/index.php\/wp-json\/wp\/v2\/media?parent=43"}],"curies":[{"name":"wp","href":"https:\/\/api.w.org\/{rel}","templated":true}]}}