{"id":37,"date":"2023-01-17T11:35:01","date_gmt":"2023-01-17T14:35:01","guid":{"rendered":"http:\/\/zeliadvogados.com.br\/?page_id=37"},"modified":"2023-02-23T11:42:28","modified_gmt":"2023-02-23T14:42:28","slug":"direito-do-consumidor","status":"publish","type":"page","link":"https:\/\/zeliadvogados.com.br\/index.php\/direito-do-consumidor\/","title":{"rendered":"Direito do Consumidor"},"content":{"rendered":"\t\t<div data-elementor-type=\"wp-page\" data-elementor-id=\"37\" class=\"elementor elementor-37\">\n\t\t\t\t\t\t<section class=\"elementor-section elementor-top-section elementor-element elementor-element-d602303 elementor-section-height-min-height elementor-section-boxed elementor-section-height-default elementor-section-items-middle\" data-id=\"d602303\" data-element_type=\"section\" data-e-type=\"section\" data-settings=\"{&quot;background_background&quot;:&quot;classic&quot;}\">\n\t\t\t\t\t\t\t<div class=\"elementor-background-overlay\"><\/div>\n\t\t\t\t\t\t\t<div class=\"elementor-container elementor-column-gap-default\">\n\t\t\t\t\t<div class=\"elementor-column elementor-col-100 elementor-top-column elementor-element elementor-element-3e0d1bc\" data-id=\"3e0d1bc\" data-element_type=\"column\" data-e-type=\"column\">\n\t\t\t<div class=\"elementor-widget-wrap elementor-element-populated\">\n\t\t\t\t\t\t<div class=\"elementor-element elementor-element-bb982ea elementor-widget elementor-widget-heading\" data-id=\"bb982ea\" data-element_type=\"widget\" data-e-type=\"widget\" data-widget_type=\"heading.default\">\n\t\t\t\t<div class=\"elementor-widget-container\">\n\t\t\t\t\t<h2 class=\"elementor-heading-title elementor-size-default\">Direito do Consumidor<\/h2>\t\t\t\t<\/div>\n\t\t\t\t<\/div>\n\t\t\t\t\t<\/div>\n\t\t<\/div>\n\t\t\t\t\t<\/div>\n\t\t<\/section>\n\t\t\t\t<section class=\"elementor-section elementor-top-section elementor-element elementor-element-9fe0f7a elementor-section-boxed elementor-section-height-default elementor-section-height-default\" data-id=\"9fe0f7a\" data-element_type=\"section\" data-e-type=\"section\" data-settings=\"{&quot;background_background&quot;:&quot;slideshow&quot;,&quot;background_slideshow_gallery&quot;:[{&quot;id&quot;:621,&quot;url&quot;:&quot;http:\\\/\\\/zeliadvogados.com.br\\\/wp-content\\\/uploads\\\/2023\\\/01\\\/Sem-nome-1920-\u00d7-1000-px-9.png&quot;}],&quot;background_slideshow_loop&quot;:&quot;yes&quot;,&quot;background_slideshow_slide_duration&quot;:5000,&quot;background_slideshow_slide_transition&quot;:&quot;fade&quot;,&quot;background_slideshow_transition_duration&quot;:500}\">\n\t\t\t\t\t\t<div class=\"elementor-container elementor-column-gap-default\">\n\t\t\t\t\t<div class=\"elementor-column elementor-col-100 elementor-top-column elementor-element elementor-element-0f147fd\" data-id=\"0f147fd\" data-element_type=\"column\" data-e-type=\"column\">\n\t\t\t<div class=\"elementor-widget-wrap elementor-element-populated\">\n\t\t\t\t\t\t<div class=\"elementor-element elementor-element-2935e97 elementor-widget elementor-widget-text-editor\" data-id=\"2935e97\" data-element_type=\"widget\" data-e-type=\"widget\" data-widget_type=\"text-editor.default\">\n\t\t\t\t<div class=\"elementor-widget-container\">\n\t\t\t\t\t\t\t\t\t<p><strong>O direito do consumidor traz diversos enquadramentos jurisdicionais que precisam ser tratados com a m\u00e1xima excel\u00eancia por profissionais qualificados.<\/strong><\/p>\n<p><strong>A atua\u00e7\u00e3o nas rela\u00e7\u00f5es de consumo engloba o acompanhamento de processos judiciais como: a\u00e7\u00f5es civis p\u00fablicas e demais a\u00e7\u00f5es envolvendo o consumidor. Dentre elas est\u00e3o:<\/strong><\/p>\t\t\t\t\t\t\t\t<\/div>\n\t\t\t\t<\/div>\n\t\t\t\t\t<\/div>\n\t\t<\/div>\n\t\t\t\t\t<\/div>\n\t\t<\/section>\n\t\t\t\t<section class=\"elementor-section elementor-top-section elementor-element elementor-element-737a10e elementor-section-boxed elementor-section-height-default elementor-section-height-default\" data-id=\"737a10e\" data-element_type=\"section\" data-e-type=\"section\">\n\t\t\t\t\t\t<div class=\"elementor-container elementor-column-gap-default\">\n\t\t\t\t\t<div class=\"elementor-column elementor-col-100 elementor-top-column elementor-element elementor-element-7682405\" data-id=\"7682405\" data-element_type=\"column\" data-e-type=\"column\">\n\t\t\t<div class=\"elementor-widget-wrap elementor-element-populated\">\n\t\t\t\t\t\t<div class=\"elementor-element elementor-element-f90ec9f elementor-widget elementor-widget-heading\" data-id=\"f90ec9f\" data-element_type=\"widget\" data-e-type=\"widget\" data-widget_type=\"heading.default\">\n\t\t\t\t<div class=\"elementor-widget-container\">\n\t\t\t\t\t<h2 class=\"elementor-heading-title elementor-size-default\">\u2022 Negativa\u00e7\u00e3o indevida<\/h2>\t\t\t\t<\/div>\n\t\t\t\t<\/div>\n\t\t\t\t<div class=\"elementor-element elementor-element-28d7fb4 elementor-widget elementor-widget-text-editor\" data-id=\"28d7fb4\" data-element_type=\"widget\" data-e-type=\"widget\" data-widget_type=\"text-editor.default\">\n\t\t\t\t<div class=\"elementor-widget-container\">\n\t\t\t\t\t\t\t\t\t<p>Dedicado \u00e0queles que tiveram seu nome inscrito indevidamente no SPC\/SERASA, ou aos que pagaram suas d\u00edvidas e o nome ainda consta como negativado. Se voc\u00ea se enquadra nessa situa\u00e7\u00e3o que causa muitos problemas econ\u00f4micos que refletem diretamente na vida do consumidor, saiba que tem o direito a uma indeniza\u00e7\u00e3o. Nosso escrit\u00f3rio \u00e9 especialista na \u00e1rea, e pode ajudar!<\/p>\t\t\t\t\t\t\t\t<\/div>\n\t\t\t\t<\/div>\n\t\t\t\t\t<\/div>\n\t\t<\/div>\n\t\t\t\t\t<\/div>\n\t\t<\/section>\n\t\t\t\t<section class=\"elementor-section elementor-top-section elementor-element elementor-element-bd361d7 elementor-section-boxed elementor-section-height-default elementor-section-height-default\" data-id=\"bd361d7\" data-element_type=\"section\" data-e-type=\"section\">\n\t\t\t\t\t\t<div class=\"elementor-container elementor-column-gap-default\">\n\t\t\t\t\t<div class=\"elementor-column elementor-col-100 elementor-top-column elementor-element elementor-element-21293d6\" data-id=\"21293d6\" data-element_type=\"column\" data-e-type=\"column\">\n\t\t\t<div class=\"elementor-widget-wrap elementor-element-populated\">\n\t\t\t\t\t\t<div class=\"elementor-element elementor-element-bb31404 elementor-widget elementor-widget-heading\" data-id=\"bb31404\" data-element_type=\"widget\" data-e-type=\"widget\" data-widget_type=\"heading.default\">\n\t\t\t\t<div class=\"elementor-widget-container\">\n\t\t\t\t\t<h2 class=\"elementor-heading-title elementor-size-default\">\u2022 A\u00e7\u00f5es por defeito e v\u00edcios em produtos e servi\u00e7os<\/h2>\t\t\t\t<\/div>\n\t\t\t\t<\/div>\n\t\t\t\t<div class=\"elementor-element elementor-element-8d47422 elementor-widget elementor-widget-text-editor\" data-id=\"8d47422\" data-element_type=\"widget\" data-e-type=\"widget\" data-widget_type=\"text-editor.default\">\n\t\t\t\t<div class=\"elementor-widget-container\">\n\t\t\t\t\t\t\t\t\t<p>Nosso escrit\u00f3rio tem atua\u00e7\u00e3o ampla em todo o territ\u00f3rio nacional acerca de a\u00e7\u00f5es sobre produtos comprados pelos consumidores, os quais constataram defeitos\/v\u00edcios ap\u00f3s algum tempo de uso, e essa quest\u00e3o pode\/deve ser discutida judicialmente.<\/p>\t\t\t\t\t\t\t\t<\/div>\n\t\t\t\t<\/div>\n\t\t\t\t\t<\/div>\n\t\t<\/div>\n\t\t\t\t\t<\/div>\n\t\t<\/section>\n\t\t\t\t<section class=\"elementor-section elementor-top-section elementor-element elementor-element-03aa161 elementor-section-boxed elementor-section-height-default elementor-section-height-default\" data-id=\"03aa161\" data-element_type=\"section\" data-e-type=\"section\">\n\t\t\t\t\t\t<div class=\"elementor-container elementor-column-gap-default\">\n\t\t\t\t\t<div class=\"elementor-column elementor-col-100 elementor-top-column elementor-element elementor-element-1dd1a33\" data-id=\"1dd1a33\" data-element_type=\"column\" data-e-type=\"column\">\n\t\t\t<div class=\"elementor-widget-wrap elementor-element-populated\">\n\t\t\t\t\t\t<div class=\"elementor-element elementor-element-77dbaed elementor-widget elementor-widget-heading\" data-id=\"77dbaed\" data-element_type=\"widget\" data-e-type=\"widget\" data-widget_type=\"heading.default\">\n\t\t\t\t<div class=\"elementor-widget-container\">\n\t\t\t\t\t<h2 class=\"elementor-heading-title elementor-size-default\">\u2022 Cobran\u00e7as indevidas e devolu\u00e7\u00e3o de valores<\/h2>\t\t\t\t<\/div>\n\t\t\t\t<\/div>\n\t\t\t\t<div class=\"elementor-element elementor-element-bf5823a elementor-widget elementor-widget-text-editor\" data-id=\"bf5823a\" data-element_type=\"widget\" data-e-type=\"widget\" data-widget_type=\"text-editor.default\">\n\t\t\t\t<div class=\"elementor-widget-container\">\n\t\t\t\t\t\t\t\t\t<p>Muitas pessoas sofrem com cobran\u00e7as indevidas de valores que n\u00e3o reconhecem como contratados. N\u00f3s, do Zeli Advogados, atuamos a n\u00edvel nacional com causas que podem gerar indeniza\u00e7\u00e3o decorrentes das cobran\u00e7as, e inclusive, devolu\u00e7\u00e3o de valores no caso do pagamento ter sido feito de forma duplicada.<\/p>\t\t\t\t\t\t\t\t<\/div>\n\t\t\t\t<\/div>\n\t\t\t\t\t<\/div>\n\t\t<\/div>\n\t\t\t\t\t<\/div>\n\t\t<\/section>\n\t\t\t\t<section class=\"elementor-section elementor-top-section elementor-element elementor-element-85f92ce elementor-section-boxed elementor-section-height-default elementor-section-height-default\" data-id=\"85f92ce\" data-element_type=\"section\" data-e-type=\"section\">\n\t\t\t\t\t\t<div class=\"elementor-container elementor-column-gap-default\">\n\t\t\t\t\t<div class=\"elementor-column elementor-col-100 elementor-top-column elementor-element elementor-element-f5eccc7\" data-id=\"f5eccc7\" data-element_type=\"column\" data-e-type=\"column\">\n\t\t\t<div class=\"elementor-widget-wrap elementor-element-populated\">\n\t\t\t\t\t\t<div class=\"elementor-element elementor-element-e3be5b2 elementor-widget elementor-widget-heading\" data-id=\"e3be5b2\" data-element_type=\"widget\" data-e-type=\"widget\" data-widget_type=\"heading.default\">\n\t\t\t\t<div class=\"elementor-widget-container\">\n\t\t\t\t\t<h2 class=\"elementor-heading-title elementor-size-default\">\u2022 Indeniza\u00e7\u00e3o contra companhias a\u00e9reas, telef\u00f4nicas, planos de sa\u00fade (para obten\u00e7\u00e3o de cobertura, impedir cancelamento, rediscutir valores)<\/h2>\t\t\t\t<\/div>\n\t\t\t\t<\/div>\n\t\t\t\t<div class=\"elementor-element elementor-element-3af0645 elementor-widget elementor-widget-text-editor\" data-id=\"3af0645\" data-element_type=\"widget\" data-e-type=\"widget\" data-widget_type=\"text-editor.default\">\n\t\t\t\t<div class=\"elementor-widget-container\">\n\t\t\t\t\t\t\t\t\t<p>Nosso escrit\u00f3rio atua diariamente em causas que trouxeram preju\u00edzos financeiros e psicol\u00f3gicos aos consumidores, em decorr\u00eancia de contrata\u00e7\u00e3o de servi\u00e7os que n\u00e3o foram prestados de forma clara, objetiva, que induzem o consumidor ao erro. Apenas um profissional especialista consegue identificar as circunst\u00e2ncias que levaram a este problema, ajudando de forma r\u00e1pida em \u00e2mbito judicial.<\/p>\t\t\t\t\t\t\t\t<\/div>\n\t\t\t\t<\/div>\n\t\t\t\t\t<\/div>\n\t\t<\/div>\n\t\t\t\t\t<\/div>\n\t\t<\/section>\n\t\t\t\t<section class=\"elementor-section elementor-top-section elementor-element elementor-element-787c6bd elementor-section-boxed elementor-section-height-default elementor-section-height-default\" data-id=\"787c6bd\" data-element_type=\"section\" data-e-type=\"section\">\n\t\t\t\t\t\t<div class=\"elementor-container elementor-column-gap-default\">\n\t\t\t\t\t<div class=\"elementor-column elementor-col-100 elementor-top-column elementor-element elementor-element-2156d53\" data-id=\"2156d53\" data-element_type=\"column\" data-e-type=\"column\">\n\t\t\t<div class=\"elementor-widget-wrap elementor-element-populated\">\n\t\t\t\t\t\t<div class=\"elementor-element elementor-element-9caa2d6 elementor-widget__width-auto elementor-fixed elementor-view-default elementor-invisible elementor-widget elementor-widget-icon\" data-id=\"9caa2d6\" data-element_type=\"widget\" data-e-type=\"widget\" data-settings=\"{&quot;_position&quot;:&quot;fixed&quot;,&quot;_animation&quot;:&quot;zoomInDown&quot;}\" data-widget_type=\"icon.default\">\n\t\t\t\t<div class=\"elementor-widget-container\">\n\t\t\t\t\t\t\t<div class=\"elementor-icon-wrapper\">\n\t\t\t<a class=\"elementor-icon elementor-animation-buzz\" href=\"https:\/\/wa.me\/5511974684373?text=Ol%C3%A1!%20Gostaria%20de%20falar%20sobre%20meu%20caso%20com%20um%20advogado!\">\n\t\t\t<i aria-hidden=\"true\" class=\"fab fa-whatsapp-square\"><\/i>\t\t\t<\/a>\n\t\t<\/div>\n\t\t\t\t\t\t<\/div>\n\t\t\t\t<\/div>\n\t\t\t\t\t<\/div>\n\t\t<\/div>\n\t\t\t\t\t<\/div>\n\t\t<\/section>\n\t\t\t\t<\/div>\n\t\t","protected":false},"excerpt":{"rendered":"<p>Direito do Consumidor O direito do consumidor traz diversos enquadramentos jurisdicionais que precisam ser tratados com a m\u00e1xima excel\u00eancia por profissionais qualificados. A atua\u00e7\u00e3o nas rela\u00e7\u00f5es de consumo engloba o acompanhamento de processos judiciais como: a\u00e7\u00f5es civis p\u00fablicas e demais a\u00e7\u00f5es envolvendo o consumidor. Dentre elas est\u00e3o: \u2022 Negativa\u00e7\u00e3o indevida Dedicado \u00e0queles que tiveram seu [&hellip;]<\/p>\n","protected":false},"author":1,"featured_media":0,"parent":0,"menu_order":0,"comment_status":"closed","ping_status":"closed","template":"elementor_header_footer","meta":{"footnotes":""},"class_list":["post-37","page","type-page","status-publish","hentry"],"yoast_head":"<!-- This site is optimized with the Yoast SEO plugin v27.3 - https:\/\/yoast.com\/product\/yoast-seo-wordpress\/ -->\n<title>Direito do Consumidor - Zeli Advogados<\/title>\n<meta name=\"robots\" content=\"index, follow, max-snippet:-1, max-image-preview:large, max-video-preview:-1\" \/>\n<link rel=\"canonical\" href=\"https:\/\/zeliadvogados.com.br\/index.php\/direito-do-consumidor\/\" \/>\n<meta property=\"og:locale\" content=\"en_US\" \/>\n<meta property=\"og:type\" content=\"article\" \/>\n<meta property=\"og:title\" content=\"Direito do Consumidor - Zeli Advogados\" \/>\n<meta property=\"og:description\" content=\"Direito do Consumidor O direito do consumidor traz diversos enquadramentos jurisdicionais que precisam ser tratados com a m\u00e1xima excel\u00eancia por profissionais qualificados. A atua\u00e7\u00e3o nas rela\u00e7\u00f5es de consumo engloba o acompanhamento de processos judiciais como: a\u00e7\u00f5es civis p\u00fablicas e demais a\u00e7\u00f5es envolvendo o consumidor. Dentre elas est\u00e3o: \u2022 Negativa\u00e7\u00e3o indevida Dedicado \u00e0queles que tiveram seu [&hellip;]\" \/>\n<meta property=\"og:url\" content=\"https:\/\/zeliadvogados.com.br\/index.php\/direito-do-consumidor\/\" \/>\n<meta property=\"og:site_name\" content=\"Zeli Advogados\" \/>\n<meta property=\"article:publisher\" content=\"https:\/\/www.facebook.com\/Zeliadvogados\" \/>\n<meta property=\"article:modified_time\" content=\"2023-02-23T14:42:28+00:00\" \/>\n<meta name=\"twitter:card\" content=\"summary_large_image\" \/>\n<meta name=\"twitter:label1\" content=\"Est. reading time\" \/>\n\t<meta name=\"twitter:data1\" content=\"2 minutes\" \/>\n<script type=\"application\/ld+json\" class=\"yoast-schema-graph\">{\"@context\":\"https:\\\/\\\/schema.org\",\"@graph\":[{\"@type\":\"WebPage\",\"@id\":\"https:\\\/\\\/zeliadvogados.com.br\\\/index.php\\\/direito-do-consumidor\\\/\",\"url\":\"https:\\\/\\\/zeliadvogados.com.br\\\/index.php\\\/direito-do-consumidor\\\/\",\"name\":\"Direito do Consumidor - Zeli Advogados\",\"isPartOf\":{\"@id\":\"http:\\\/\\\/zeliadvogados.com.br\\\/#website\"},\"datePublished\":\"2023-01-17T14:35:01+00:00\",\"dateModified\":\"2023-02-23T14:42:28+00:00\",\"breadcrumb\":{\"@id\":\"https:\\\/\\\/zeliadvogados.com.br\\\/index.php\\\/direito-do-consumidor\\\/#breadcrumb\"},\"inLanguage\":\"en-US\",\"potentialAction\":[{\"@type\":\"ReadAction\",\"target\":[\"https:\\\/\\\/zeliadvogados.com.br\\\/index.php\\\/direito-do-consumidor\\\/\"]}]},{\"@type\":\"BreadcrumbList\",\"@id\":\"https:\\\/\\\/zeliadvogados.com.br\\\/index.php\\\/direito-do-consumidor\\\/#breadcrumb\",\"itemListElement\":[{\"@type\":\"ListItem\",\"position\":1,\"name\":\"In\u00edcio\",\"item\":\"http:\\\/\\\/zeliadvogados.com.br\\\/\"},{\"@type\":\"ListItem\",\"position\":2,\"name\":\"Direito do Consumidor\"}]},{\"@type\":\"WebSite\",\"@id\":\"http:\\\/\\\/zeliadvogados.com.br\\\/#website\",\"url\":\"http:\\\/\\\/zeliadvogados.com.br\\\/\",\"name\":\"Zeli Advogados\",\"description\":\"O ESCRIT\u00d3RIO DE ADVOCACIA MAIS RENOMADO DE S\u00c3O PAULO\",\"potentialAction\":[{\"@type\":\"SearchAction\",\"target\":{\"@type\":\"EntryPoint\",\"urlTemplate\":\"http:\\\/\\\/zeliadvogados.com.br\\\/?s={search_term_string}\"},\"query-input\":{\"@type\":\"PropertyValueSpecification\",\"valueRequired\":true,\"valueName\":\"search_term_string\"}}],\"inLanguage\":\"en-US\"}]}<\/script>\n<!-- \/ Yoast SEO plugin. -->","yoast_head_json":{"title":"Direito do Consumidor - Zeli Advogados","robots":{"index":"index","follow":"follow","max-snippet":"max-snippet:-1","max-image-preview":"max-image-preview:large","max-video-preview":"max-video-preview:-1"},"canonical":"https:\/\/zeliadvogados.com.br\/index.php\/direito-do-consumidor\/","og_locale":"en_US","og_type":"article","og_title":"Direito do Consumidor - Zeli Advogados","og_description":"Direito do Consumidor O direito do consumidor traz diversos enquadramentos jurisdicionais que precisam ser tratados com a m\u00e1xima excel\u00eancia por profissionais qualificados. A atua\u00e7\u00e3o nas rela\u00e7\u00f5es de consumo engloba o acompanhamento de processos judiciais como: a\u00e7\u00f5es civis p\u00fablicas e demais a\u00e7\u00f5es envolvendo o consumidor. Dentre elas est\u00e3o: \u2022 Negativa\u00e7\u00e3o indevida Dedicado \u00e0queles que tiveram seu [&hellip;]","og_url":"https:\/\/zeliadvogados.com.br\/index.php\/direito-do-consumidor\/","og_site_name":"Zeli Advogados","article_publisher":"https:\/\/www.facebook.com\/Zeliadvogados","article_modified_time":"2023-02-23T14:42:28+00:00","twitter_card":"summary_large_image","twitter_misc":{"Est. reading time":"2 minutes"},"schema":{"@context":"https:\/\/schema.org","@graph":[{"@type":"WebPage","@id":"https:\/\/zeliadvogados.com.br\/index.php\/direito-do-consumidor\/","url":"https:\/\/zeliadvogados.com.br\/index.php\/direito-do-consumidor\/","name":"Direito do Consumidor - Zeli Advogados","isPartOf":{"@id":"http:\/\/zeliadvogados.com.br\/#website"},"datePublished":"2023-01-17T14:35:01+00:00","dateModified":"2023-02-23T14:42:28+00:00","breadcrumb":{"@id":"https:\/\/zeliadvogados.com.br\/index.php\/direito-do-consumidor\/#breadcrumb"},"inLanguage":"en-US","potentialAction":[{"@type":"ReadAction","target":["https:\/\/zeliadvogados.com.br\/index.php\/direito-do-consumidor\/"]}]},{"@type":"BreadcrumbList","@id":"https:\/\/zeliadvogados.com.br\/index.php\/direito-do-consumidor\/#breadcrumb","itemListElement":[{"@type":"ListItem","position":1,"name":"In\u00edcio","item":"http:\/\/zeliadvogados.com.br\/"},{"@type":"ListItem","position":2,"name":"Direito do Consumidor"}]},{"@type":"WebSite","@id":"http:\/\/zeliadvogados.com.br\/#website","url":"http:\/\/zeliadvogados.com.br\/","name":"Zeli Advogados","description":"O ESCRIT\u00d3RIO DE ADVOCACIA MAIS RENOMADO DE S\u00c3O PAULO","potentialAction":[{"@type":"SearchAction","target":{"@type":"EntryPoint","urlTemplate":"http:\/\/zeliadvogados.com.br\/?s={search_term_string}"},"query-input":{"@type":"PropertyValueSpecification","valueRequired":true,"valueName":"search_term_string"}}],"inLanguage":"en-US"}]}},"_links":{"self":[{"href":"https:\/\/zeliadvogados.com.br\/index.php\/wp-json\/wp\/v2\/pages\/37","targetHints":{"allow":["GET"]}}],"collection":[{"href":"https:\/\/zeliadvogados.com.br\/index.php\/wp-json\/wp\/v2\/pages"}],"about":[{"href":"https:\/\/zeliadvogados.com.br\/index.php\/wp-json\/wp\/v2\/types\/page"}],"author":[{"embeddable":true,"href":"https:\/\/zeliadvogados.com.br\/index.php\/wp-json\/wp\/v2\/users\/1"}],"replies":[{"embeddable":true,"href":"https:\/\/zeliadvogados.com.br\/index.php\/wp-json\/wp\/v2\/comments?post=37"}],"version-history":[{"count":25,"href":"https:\/\/zeliadvogados.com.br\/index.php\/wp-json\/wp\/v2\/pages\/37\/revisions"}],"predecessor-version":[{"id":1595,"href":"https:\/\/zeliadvogados.com.br\/index.php\/wp-json\/wp\/v2\/pages\/37\/revisions\/1595"}],"wp:attachment":[{"href":"https:\/\/zeliadvogados.com.br\/index.php\/wp-json\/wp\/v2\/media?parent=37"}],"curies":[{"name":"wp","href":"https:\/\/api.w.org\/{rel}","templated":true}]}}