{"id":35,"date":"2023-01-17T11:34:52","date_gmt":"2023-01-17T14:34:52","guid":{"rendered":"http:\/\/zeliadvogados.com.br\/?page_id=35"},"modified":"2023-02-23T11:42:53","modified_gmt":"2023-02-23T14:42:53","slug":"direito-previdenciario","status":"publish","type":"page","link":"https:\/\/zeliadvogados.com.br\/index.php\/direito-previdenciario\/","title":{"rendered":"Direito Previdenci\u00e1rio"},"content":{"rendered":"\t\t<div data-elementor-type=\"wp-page\" data-elementor-id=\"35\" class=\"elementor elementor-35\">\n\t\t\t\t\t\t<section class=\"elementor-section elementor-top-section elementor-element elementor-element-3ed7152 elementor-section-height-min-height elementor-section-boxed elementor-section-height-default elementor-section-items-middle\" data-id=\"3ed7152\" data-element_type=\"section\" data-e-type=\"section\" data-settings=\"{&quot;background_background&quot;:&quot;classic&quot;}\">\n\t\t\t\t\t\t\t<div class=\"elementor-background-overlay\"><\/div>\n\t\t\t\t\t\t\t<div class=\"elementor-container elementor-column-gap-default\">\n\t\t\t\t\t<div class=\"elementor-column elementor-col-100 elementor-top-column elementor-element elementor-element-7300c05\" data-id=\"7300c05\" data-element_type=\"column\" data-e-type=\"column\">\n\t\t\t<div class=\"elementor-widget-wrap elementor-element-populated\">\n\t\t\t\t\t\t<div class=\"elementor-element elementor-element-87c05d9 elementor-widget elementor-widget-heading\" data-id=\"87c05d9\" data-element_type=\"widget\" data-e-type=\"widget\" data-widget_type=\"heading.default\">\n\t\t\t\t<div class=\"elementor-widget-container\">\n\t\t\t\t\t<h2 class=\"elementor-heading-title elementor-size-default\">Direito Previdenci\u00e1rio<\/h2>\t\t\t\t<\/div>\n\t\t\t\t<\/div>\n\t\t\t\t\t<\/div>\n\t\t<\/div>\n\t\t\t\t\t<\/div>\n\t\t<\/section>\n\t\t\t\t<section class=\"elementor-section elementor-top-section elementor-element elementor-element-16f1776 elementor-section-boxed elementor-section-height-default elementor-section-height-default\" data-id=\"16f1776\" data-element_type=\"section\" data-e-type=\"section\" data-settings=\"{&quot;background_background&quot;:&quot;slideshow&quot;,&quot;background_slideshow_gallery&quot;:[{&quot;id&quot;:621,&quot;url&quot;:&quot;http:\\\/\\\/zeliadvogados.com.br\\\/wp-content\\\/uploads\\\/2023\\\/01\\\/Sem-nome-1920-\u00d7-1000-px-9.png&quot;}],&quot;background_slideshow_loop&quot;:&quot;yes&quot;,&quot;background_slideshow_slide_duration&quot;:5000,&quot;background_slideshow_slide_transition&quot;:&quot;fade&quot;,&quot;background_slideshow_transition_duration&quot;:500}\">\n\t\t\t\t\t\t<div class=\"elementor-container elementor-column-gap-default\">\n\t\t\t\t\t<div class=\"elementor-column elementor-col-100 elementor-top-column elementor-element elementor-element-e48025f\" data-id=\"e48025f\" data-element_type=\"column\" data-e-type=\"column\">\n\t\t\t<div class=\"elementor-widget-wrap elementor-element-populated\">\n\t\t\t\t\t\t<div class=\"elementor-element elementor-element-bbaab69 elementor-widget elementor-widget-text-editor\" data-id=\"bbaab69\" data-element_type=\"widget\" data-e-type=\"widget\" data-widget_type=\"text-editor.default\">\n\t\t\t\t<div class=\"elementor-widget-container\">\n\t\t\t\t\t\t\t\t\t<p><b>Atuar como advogado previdenciarista ap\u00f3s a reforma que tivemos em 2019, acabou por trazer uma import\u00e2ncia dr\u00e1stica a todos que contribuem para o INSS.<\/b><\/p>\n<p><b>Isso porque traz o enquadramento de todos os tipos de benef\u00edcios, como: aux\u00edlio doen\u00e7a, aposentadorias, tanto por invalidez e por tempo de contribui\u00e7\u00e3o, quanto como a pens\u00e3o por morte; LOAS, tanto do deficiente quanto do idoso.<\/b><\/p>\n<p><b>Todos estes temas devem e s\u00e3o, em nosso escrit\u00f3rio, tratados pelos profissionais mais capacitados e experientes, os quais possuem amplo conhecimento acerca dos temas tratados.<\/b><\/p>\n<p><b>Desta forma, \u00e9 primordial que o profissional tenha o conhecimento t\u00e9cnico suficiente e se mantenha atualizado para prestar diferentes servi\u00e7os aos solicitantes, com a m\u00e1xima excel\u00eancia.<\/b><\/p>\n<p><b>Entre os principais servi\u00e7os prestados est\u00e3o:<\/b><\/p>\n<div>&nbsp;<\/div>\t\t\t\t\t\t\t\t<\/div>\n\t\t\t\t<\/div>\n\t\t\t\t\t<\/div>\n\t\t<\/div>\n\t\t\t\t\t<\/div>\n\t\t<\/section>\n\t\t\t\t<section class=\"elementor-section elementor-top-section elementor-element elementor-element-ac4c644 elementor-section-boxed elementor-section-height-default elementor-section-height-default\" data-id=\"ac4c644\" data-element_type=\"section\" data-e-type=\"section\">\n\t\t\t\t\t\t<div class=\"elementor-container elementor-column-gap-default\">\n\t\t\t\t\t<div class=\"elementor-column elementor-col-100 elementor-top-column elementor-element elementor-element-955ad21\" data-id=\"955ad21\" data-element_type=\"column\" data-e-type=\"column\">\n\t\t\t<div class=\"elementor-widget-wrap elementor-element-populated\">\n\t\t\t\t\t\t<div class=\"elementor-element elementor-element-b652a31 elementor-widget elementor-widget-heading\" data-id=\"b652a31\" data-element_type=\"widget\" data-e-type=\"widget\" data-widget_type=\"heading.default\">\n\t\t\t\t<div class=\"elementor-widget-container\">\n\t\t\t\t\t<h2 class=\"elementor-heading-title elementor-size-default\">\u2022 C\u00e1lculos Previdenci\u00e1rios e planejamento de aposentadoria<\/h2>\t\t\t\t<\/div>\n\t\t\t\t<\/div>\n\t\t\t\t<div class=\"elementor-element elementor-element-51af34e elementor-widget elementor-widget-text-editor\" data-id=\"51af34e\" data-element_type=\"widget\" data-e-type=\"widget\" data-widget_type=\"text-editor.default\">\n\t\t\t\t<div class=\"elementor-widget-container\">\n\t\t\t\t\t\t\t\t\t<p>Estes c\u00e1lculos s\u00e3o feitos por nossos profissionais especialistas em direito previdenci\u00e1rio, e s\u00e3o entregues ao solicitante de forma completa, em um prazo pequeno, onde cont\u00e9m todas as poss\u00edveis informa\u00e7\u00f5es de adequa\u00e7\u00e3o do requerente \u00e0s regras de transi\u00e7\u00e3o de aposentadoria, enquadramento de ped\u00e1gios e planejamento, para que o mesmo possa se organizar financeiramente quanto ao benef\u00edcio previdenci\u00e1rio.<\/p>\t\t\t\t\t\t\t\t<\/div>\n\t\t\t\t<\/div>\n\t\t\t\t\t<\/div>\n\t\t<\/div>\n\t\t\t\t\t<\/div>\n\t\t<\/section>\n\t\t\t\t<section class=\"elementor-section elementor-top-section elementor-element elementor-element-071e2a1 elementor-section-boxed elementor-section-height-default elementor-section-height-default\" data-id=\"071e2a1\" data-element_type=\"section\" data-e-type=\"section\">\n\t\t\t\t\t\t<div class=\"elementor-container elementor-column-gap-default\">\n\t\t\t\t\t<div class=\"elementor-column elementor-col-100 elementor-top-column elementor-element elementor-element-de98f10\" data-id=\"de98f10\" data-element_type=\"column\" data-e-type=\"column\">\n\t\t\t<div class=\"elementor-widget-wrap elementor-element-populated\">\n\t\t\t\t\t\t<div class=\"elementor-element elementor-element-3f4e7dc elementor-widget elementor-widget-heading\" data-id=\"3f4e7dc\" data-element_type=\"widget\" data-e-type=\"widget\" data-widget_type=\"heading.default\">\n\t\t\t\t<div class=\"elementor-widget-container\">\n\t\t\t\t\t<h2 class=\"elementor-heading-title elementor-size-default\">\u2022 Requerimentos administrativos e judiciais para solicita\u00e7\u00e3o\/revis\u00e3o de aposentadorias (por idade, por tempo de contribui\u00e7\u00e3o, especial, por invalidez) e benef\u00edcios (LOAS, pens\u00e3o por morte) e aux\u00edlios (doen\u00e7a, maternidade e reclus\u00e3o)<\/h2>\t\t\t\t<\/div>\n\t\t\t\t<\/div>\n\t\t\t\t<div class=\"elementor-element elementor-element-8a001cd elementor-widget elementor-widget-text-editor\" data-id=\"8a001cd\" data-element_type=\"widget\" data-e-type=\"widget\" data-widget_type=\"text-editor.default\">\n\t\t\t\t<div class=\"elementor-widget-container\">\n\t\t\t\t\t\t\t\t\t<p>O Zeli Advogados disp\u00f5e de profissionais com experi\u00eancia na solicita\u00e7\u00e3o de benef\u00edcios previdenci\u00e1rios que s\u00e3o requeridos diretamente ao INSS, onde s\u00e3o acompanhados os processos desde o requerimento at\u00e9 o procedimento judicial, se necess\u00e1rio for.<\/p>\t\t\t\t\t\t\t\t<\/div>\n\t\t\t\t<\/div>\n\t\t\t\t\t<\/div>\n\t\t<\/div>\n\t\t\t\t\t<\/div>\n\t\t<\/section>\n\t\t\t\t<section class=\"elementor-section elementor-top-section elementor-element elementor-element-1a6a8d7 elementor-section-boxed elementor-section-height-default elementor-section-height-default\" data-id=\"1a6a8d7\" data-element_type=\"section\" data-e-type=\"section\">\n\t\t\t\t\t\t<div class=\"elementor-container elementor-column-gap-default\">\n\t\t\t\t\t<div class=\"elementor-column elementor-col-100 elementor-top-column elementor-element elementor-element-bcb6a91\" data-id=\"bcb6a91\" data-element_type=\"column\" data-e-type=\"column\">\n\t\t\t<div class=\"elementor-widget-wrap elementor-element-populated\">\n\t\t\t\t\t\t<div class=\"elementor-element elementor-element-d457d4e elementor-widget elementor-widget-heading\" data-id=\"d457d4e\" data-element_type=\"widget\" data-e-type=\"widget\" data-widget_type=\"heading.default\">\n\t\t\t\t<div class=\"elementor-widget-container\">\n\t\t\t\t\t<h2 class=\"elementor-heading-title elementor-size-default\">\u2022 Revis\u00e3o da vida toda<\/h2>\t\t\t\t<\/div>\n\t\t\t\t<\/div>\n\t\t\t\t<div class=\"elementor-element elementor-element-8d5b77c elementor-widget elementor-widget-text-editor\" data-id=\"8d5b77c\" data-element_type=\"widget\" data-e-type=\"widget\" data-widget_type=\"text-editor.default\">\n\t\t\t\t<div class=\"elementor-widget-container\">\n\t\t\t\t\t\t\t\t\t<p>\u00c1rea especializada em atender as pessoas que j\u00e1 possuem um benef\u00edcio previdenci\u00e1rio, por\u00e9m est\u00e3o recebendo o valor incorreto por conta de aus\u00eancia de considera\u00e7\u00e3o de requisito espec\u00edfico na concess\u00e3o do benef\u00edcio.<\/p>\t\t\t\t\t\t\t\t<\/div>\n\t\t\t\t<\/div>\n\t\t\t\t\t<\/div>\n\t\t<\/div>\n\t\t\t\t\t<\/div>\n\t\t<\/section>\n\t\t\t\t<section class=\"elementor-section elementor-top-section elementor-element elementor-element-668c977 elementor-section-boxed elementor-section-height-default elementor-section-height-default\" data-id=\"668c977\" data-element_type=\"section\" data-e-type=\"section\">\n\t\t\t\t\t\t<div class=\"elementor-container elementor-column-gap-default\">\n\t\t\t\t\t<div class=\"elementor-column elementor-col-100 elementor-top-column elementor-element elementor-element-c05b0be\" data-id=\"c05b0be\" data-element_type=\"column\" data-e-type=\"column\">\n\t\t\t<div class=\"elementor-widget-wrap elementor-element-populated\">\n\t\t\t\t\t\t<div class=\"elementor-element elementor-element-24abd70 elementor-widget elementor-widget-heading\" data-id=\"24abd70\" data-element_type=\"widget\" data-e-type=\"widget\" data-widget_type=\"heading.default\">\n\t\t\t\t<div class=\"elementor-widget-container\">\n\t\t\t\t\t<h2 class=\"elementor-heading-title elementor-size-default\">\u2022 Mandado de Seguran\u00e7a contra o INSS<\/h2>\t\t\t\t<\/div>\n\t\t\t\t<\/div>\n\t\t\t\t<div class=\"elementor-element elementor-element-5480736 elementor-widget elementor-widget-text-editor\" data-id=\"5480736\" data-element_type=\"widget\" data-e-type=\"widget\" data-widget_type=\"text-editor.default\">\n\t\t\t\t<div class=\"elementor-widget-container\">\n\t\t\t\t\t\t\t\t\t<p>Campo dedicado \u00fanica e exclusivamente \u00e0s pessoas que est\u00e3o aguardando h\u00e1 meses a concess\u00e3o de um benef\u00edcio do INSS, por\u00e9m o \u00f3rg\u00e3o n\u00e3o lhes concede amparo acerca de sua solicita\u00e7\u00e3o.<\/p>\t\t\t\t\t\t\t\t<\/div>\n\t\t\t\t<\/div>\n\t\t\t\t\t<\/div>\n\t\t<\/div>\n\t\t\t\t\t<\/div>\n\t\t<\/section>\n\t\t\t\t<section class=\"elementor-section elementor-top-section elementor-element elementor-element-5d963d6 elementor-section-boxed elementor-section-height-default elementor-section-height-default\" data-id=\"5d963d6\" data-element_type=\"section\" data-e-type=\"section\">\n\t\t\t\t\t\t<div class=\"elementor-container elementor-column-gap-default\">\n\t\t\t\t\t<div class=\"elementor-column elementor-col-100 elementor-top-column elementor-element elementor-element-7f0d00a\" data-id=\"7f0d00a\" data-element_type=\"column\" data-e-type=\"column\">\n\t\t\t<div class=\"elementor-widget-wrap elementor-element-populated\">\n\t\t\t\t\t\t<div class=\"elementor-element elementor-element-651ab28 elementor-widget elementor-widget-heading\" data-id=\"651ab28\" data-element_type=\"widget\" data-e-type=\"widget\" data-widget_type=\"heading.default\">\n\t\t\t\t<div class=\"elementor-widget-container\">\n\t\t\t\t\t<h2 class=\"elementor-heading-title elementor-size-default\">\u2022 Retifica\u00e7\u00e3o de CNIS (extrato previdenci\u00e1rio)<\/h2>\t\t\t\t<\/div>\n\t\t\t\t<\/div>\n\t\t\t\t<div class=\"elementor-element elementor-element-a23da77 elementor-widget elementor-widget-text-editor\" data-id=\"a23da77\" data-element_type=\"widget\" data-e-type=\"widget\" data-widget_type=\"text-editor.default\">\n\t\t\t\t<div class=\"elementor-widget-container\">\n\t\t\t\t\t\t\t\t\t<p>\u00c1rea especializada em analisar e corrigir todas as informa\u00e7\u00f5es que est\u00e3o incorretas no Extrato Previdenci\u00e1rio, as quais apresentam diferen\u00e7a na concess\u00e3o do benef\u00edcio.<\/p>\t\t\t\t\t\t\t\t<\/div>\n\t\t\t\t<\/div>\n\t\t\t\t\t<\/div>\n\t\t<\/div>\n\t\t\t\t\t<\/div>\n\t\t<\/section>\n\t\t\t\t<section class=\"elementor-section elementor-top-section elementor-element elementor-element-2b75517 elementor-section-boxed elementor-section-height-default elementor-section-height-default\" data-id=\"2b75517\" data-element_type=\"section\" data-e-type=\"section\">\n\t\t\t\t\t\t<div class=\"elementor-container elementor-column-gap-default\">\n\t\t\t\t\t<div class=\"elementor-column elementor-col-100 elementor-top-column elementor-element elementor-element-dcd8618\" data-id=\"dcd8618\" data-element_type=\"column\" data-e-type=\"column\">\n\t\t\t<div class=\"elementor-widget-wrap elementor-element-populated\">\n\t\t\t\t\t\t<div class=\"elementor-element elementor-element-c2a4426 elementor-widget elementor-widget-heading\" data-id=\"c2a4426\" data-element_type=\"widget\" data-e-type=\"widget\" data-widget_type=\"heading.default\">\n\t\t\t\t<div class=\"elementor-widget-container\">\n\t\t\t\t\t<h2 class=\"elementor-heading-title elementor-size-default\">\u2022 Solicita\u00e7\u00e3o de PPP, judicial ou extrajudicial (perfil profissiogr\u00e1fico previdenci\u00e1rio)<\/h2>\t\t\t\t<\/div>\n\t\t\t\t<\/div>\n\t\t\t\t<div class=\"elementor-element elementor-element-d919ff8 elementor-widget elementor-widget-text-editor\" data-id=\"d919ff8\" data-element_type=\"widget\" data-e-type=\"widget\" data-widget_type=\"text-editor.default\">\n\t\t\t\t<div class=\"elementor-widget-container\">\n\t\t\t\t\t\t\t\t\t<p>\u00c1rea especializada em obter, judicialmente ou n\u00e3o, o PPP da empresa que o empregado saiu, onde o prestador de servi\u00e7o era submetido a insalubridade, podendo ser computada para a aposentadoria.<\/p>\t\t\t\t\t\t\t\t<\/div>\n\t\t\t\t<\/div>\n\t\t\t\t\t<\/div>\n\t\t<\/div>\n\t\t\t\t\t<\/div>\n\t\t<\/section>\n\t\t\t\t<section class=\"elementor-section elementor-top-section elementor-element elementor-element-2470db6 elementor-section-boxed elementor-section-height-default elementor-section-height-default\" data-id=\"2470db6\" data-element_type=\"section\" data-e-type=\"section\">\n\t\t\t\t\t\t<div class=\"elementor-container elementor-column-gap-default\">\n\t\t\t\t\t<div class=\"elementor-column elementor-col-100 elementor-top-column elementor-element elementor-element-a469cdf\" data-id=\"a469cdf\" data-element_type=\"column\" data-e-type=\"column\">\n\t\t\t<div class=\"elementor-widget-wrap elementor-element-populated\">\n\t\t\t\t\t\t<div class=\"elementor-element elementor-element-4c921c4 elementor-widget__width-auto elementor-fixed elementor-view-default elementor-invisible elementor-widget elementor-widget-icon\" data-id=\"4c921c4\" data-element_type=\"widget\" data-e-type=\"widget\" data-settings=\"{&quot;_position&quot;:&quot;fixed&quot;,&quot;_animation&quot;:&quot;zoomInDown&quot;}\" data-widget_type=\"icon.default\">\n\t\t\t\t<div class=\"elementor-widget-container\">\n\t\t\t\t\t\t\t<div class=\"elementor-icon-wrapper\">\n\t\t\t<a class=\"elementor-icon elementor-animation-buzz\" href=\"https:\/\/wa.me\/5511974684373?text=Ol%C3%A1!%20Gostaria%20de%20falar%20sobre%20meu%20caso%20com%20um%20advogado!\">\n\t\t\t<i aria-hidden=\"true\" class=\"fab fa-whatsapp-square\"><\/i>\t\t\t<\/a>\n\t\t<\/div>\n\t\t\t\t\t\t<\/div>\n\t\t\t\t<\/div>\n\t\t\t\t\t<\/div>\n\t\t<\/div>\n\t\t\t\t\t<\/div>\n\t\t<\/section>\n\t\t\t\t<\/div>\n\t\t","protected":false},"excerpt":{"rendered":"<p>Direito Previdenci\u00e1rio Atuar como advogado previdenciarista ap\u00f3s a reforma que tivemos em 2019, acabou por trazer uma import\u00e2ncia dr\u00e1stica a todos que contribuem para o INSS. Isso porque traz o enquadramento de todos os tipos de benef\u00edcios, como: aux\u00edlio doen\u00e7a, aposentadorias, tanto por invalidez e por tempo de contribui\u00e7\u00e3o, quanto como a pens\u00e3o por morte; [&hellip;]<\/p>\n","protected":false},"author":1,"featured_media":0,"parent":0,"menu_order":0,"comment_status":"closed","ping_status":"closed","template":"elementor_header_footer","meta":{"footnotes":""},"class_list":["post-35","page","type-page","status-publish","hentry"],"yoast_head":"<!-- This site is optimized with the Yoast SEO plugin v27.3 - https:\/\/yoast.com\/product\/yoast-seo-wordpress\/ -->\n<title>Direito Previdenci\u00e1rio - Zeli Advogados<\/title>\n<meta name=\"robots\" content=\"index, follow, max-snippet:-1, max-image-preview:large, max-video-preview:-1\" \/>\n<link rel=\"canonical\" href=\"https:\/\/zeliadvogados.com.br\/index.php\/direito-previdenciario\/\" \/>\n<meta property=\"og:locale\" content=\"en_US\" \/>\n<meta property=\"og:type\" content=\"article\" \/>\n<meta property=\"og:title\" content=\"Direito Previdenci\u00e1rio - Zeli Advogados\" \/>\n<meta property=\"og:description\" content=\"Direito Previdenci\u00e1rio Atuar como advogado previdenciarista ap\u00f3s a reforma que tivemos em 2019, acabou por trazer uma import\u00e2ncia dr\u00e1stica a todos que contribuem para o INSS. Isso porque traz o enquadramento de todos os tipos de benef\u00edcios, como: aux\u00edlio doen\u00e7a, aposentadorias, tanto por invalidez e por tempo de contribui\u00e7\u00e3o, quanto como a pens\u00e3o por morte; [&hellip;]\" \/>\n<meta property=\"og:url\" content=\"https:\/\/zeliadvogados.com.br\/index.php\/direito-previdenciario\/\" \/>\n<meta property=\"og:site_name\" content=\"Zeli Advogados\" \/>\n<meta property=\"article:publisher\" content=\"https:\/\/www.facebook.com\/Zeliadvogados\" \/>\n<meta property=\"article:modified_time\" content=\"2023-02-23T14:42:53+00:00\" \/>\n<meta name=\"twitter:card\" content=\"summary_large_image\" \/>\n<meta name=\"twitter:label1\" content=\"Est. reading time\" \/>\n\t<meta name=\"twitter:data1\" content=\"2 minutes\" \/>\n<script type=\"application\/ld+json\" class=\"yoast-schema-graph\">{\"@context\":\"https:\\\/\\\/schema.org\",\"@graph\":[{\"@type\":\"WebPage\",\"@id\":\"https:\\\/\\\/zeliadvogados.com.br\\\/index.php\\\/direito-previdenciario\\\/\",\"url\":\"https:\\\/\\\/zeliadvogados.com.br\\\/index.php\\\/direito-previdenciario\\\/\",\"name\":\"Direito Previdenci\u00e1rio - Zeli Advogados\",\"isPartOf\":{\"@id\":\"http:\\\/\\\/zeliadvogados.com.br\\\/#website\"},\"datePublished\":\"2023-01-17T14:34:52+00:00\",\"dateModified\":\"2023-02-23T14:42:53+00:00\",\"breadcrumb\":{\"@id\":\"https:\\\/\\\/zeliadvogados.com.br\\\/index.php\\\/direito-previdenciario\\\/#breadcrumb\"},\"inLanguage\":\"en-US\",\"potentialAction\":[{\"@type\":\"ReadAction\",\"target\":[\"https:\\\/\\\/zeliadvogados.com.br\\\/index.php\\\/direito-previdenciario\\\/\"]}]},{\"@type\":\"BreadcrumbList\",\"@id\":\"https:\\\/\\\/zeliadvogados.com.br\\\/index.php\\\/direito-previdenciario\\\/#breadcrumb\",\"itemListElement\":[{\"@type\":\"ListItem\",\"position\":1,\"name\":\"In\u00edcio\",\"item\":\"http:\\\/\\\/zeliadvogados.com.br\\\/\"},{\"@type\":\"ListItem\",\"position\":2,\"name\":\"Direito Previdenci\u00e1rio\"}]},{\"@type\":\"WebSite\",\"@id\":\"http:\\\/\\\/zeliadvogados.com.br\\\/#website\",\"url\":\"http:\\\/\\\/zeliadvogados.com.br\\\/\",\"name\":\"Zeli Advogados\",\"description\":\"O ESCRIT\u00d3RIO DE ADVOCACIA MAIS RENOMADO DE S\u00c3O PAULO\",\"potentialAction\":[{\"@type\":\"SearchAction\",\"target\":{\"@type\":\"EntryPoint\",\"urlTemplate\":\"http:\\\/\\\/zeliadvogados.com.br\\\/?s={search_term_string}\"},\"query-input\":{\"@type\":\"PropertyValueSpecification\",\"valueRequired\":true,\"valueName\":\"search_term_string\"}}],\"inLanguage\":\"en-US\"}]}<\/script>\n<!-- \/ Yoast SEO plugin. -->","yoast_head_json":{"title":"Direito Previdenci\u00e1rio - Zeli Advogados","robots":{"index":"index","follow":"follow","max-snippet":"max-snippet:-1","max-image-preview":"max-image-preview:large","max-video-preview":"max-video-preview:-1"},"canonical":"https:\/\/zeliadvogados.com.br\/index.php\/direito-previdenciario\/","og_locale":"en_US","og_type":"article","og_title":"Direito Previdenci\u00e1rio - Zeli Advogados","og_description":"Direito Previdenci\u00e1rio Atuar como advogado previdenciarista ap\u00f3s a reforma que tivemos em 2019, acabou por trazer uma import\u00e2ncia dr\u00e1stica a todos que contribuem para o INSS. Isso porque traz o enquadramento de todos os tipos de benef\u00edcios, como: aux\u00edlio doen\u00e7a, aposentadorias, tanto por invalidez e por tempo de contribui\u00e7\u00e3o, quanto como a pens\u00e3o por morte; [&hellip;]","og_url":"https:\/\/zeliadvogados.com.br\/index.php\/direito-previdenciario\/","og_site_name":"Zeli Advogados","article_publisher":"https:\/\/www.facebook.com\/Zeliadvogados","article_modified_time":"2023-02-23T14:42:53+00:00","twitter_card":"summary_large_image","twitter_misc":{"Est. reading time":"2 minutes"},"schema":{"@context":"https:\/\/schema.org","@graph":[{"@type":"WebPage","@id":"https:\/\/zeliadvogados.com.br\/index.php\/direito-previdenciario\/","url":"https:\/\/zeliadvogados.com.br\/index.php\/direito-previdenciario\/","name":"Direito Previdenci\u00e1rio - Zeli Advogados","isPartOf":{"@id":"http:\/\/zeliadvogados.com.br\/#website"},"datePublished":"2023-01-17T14:34:52+00:00","dateModified":"2023-02-23T14:42:53+00:00","breadcrumb":{"@id":"https:\/\/zeliadvogados.com.br\/index.php\/direito-previdenciario\/#breadcrumb"},"inLanguage":"en-US","potentialAction":[{"@type":"ReadAction","target":["https:\/\/zeliadvogados.com.br\/index.php\/direito-previdenciario\/"]}]},{"@type":"BreadcrumbList","@id":"https:\/\/zeliadvogados.com.br\/index.php\/direito-previdenciario\/#breadcrumb","itemListElement":[{"@type":"ListItem","position":1,"name":"In\u00edcio","item":"http:\/\/zeliadvogados.com.br\/"},{"@type":"ListItem","position":2,"name":"Direito Previdenci\u00e1rio"}]},{"@type":"WebSite","@id":"http:\/\/zeliadvogados.com.br\/#website","url":"http:\/\/zeliadvogados.com.br\/","name":"Zeli Advogados","description":"O ESCRIT\u00d3RIO DE ADVOCACIA MAIS RENOMADO DE S\u00c3O PAULO","potentialAction":[{"@type":"SearchAction","target":{"@type":"EntryPoint","urlTemplate":"http:\/\/zeliadvogados.com.br\/?s={search_term_string}"},"query-input":{"@type":"PropertyValueSpecification","valueRequired":true,"valueName":"search_term_string"}}],"inLanguage":"en-US"}]}},"_links":{"self":[{"href":"https:\/\/zeliadvogados.com.br\/index.php\/wp-json\/wp\/v2\/pages\/35","targetHints":{"allow":["GET"]}}],"collection":[{"href":"https:\/\/zeliadvogados.com.br\/index.php\/wp-json\/wp\/v2\/pages"}],"about":[{"href":"https:\/\/zeliadvogados.com.br\/index.php\/wp-json\/wp\/v2\/types\/page"}],"author":[{"embeddable":true,"href":"https:\/\/zeliadvogados.com.br\/index.php\/wp-json\/wp\/v2\/users\/1"}],"replies":[{"embeddable":true,"href":"https:\/\/zeliadvogados.com.br\/index.php\/wp-json\/wp\/v2\/comments?post=35"}],"version-history":[{"count":28,"href":"https:\/\/zeliadvogados.com.br\/index.php\/wp-json\/wp\/v2\/pages\/35\/revisions"}],"predecessor-version":[{"id":1604,"href":"https:\/\/zeliadvogados.com.br\/index.php\/wp-json\/wp\/v2\/pages\/35\/revisions\/1604"}],"wp:attachment":[{"href":"https:\/\/zeliadvogados.com.br\/index.php\/wp-json\/wp\/v2\/media?parent=35"}],"curies":[{"name":"wp","href":"https:\/\/api.w.org\/{rel}","templated":true}]}}