{"id":31,"date":"2023-01-17T11:34:29","date_gmt":"2023-01-17T14:34:29","guid":{"rendered":"http:\/\/zeliadvogados.com.br\/?page_id=31"},"modified":"2023-02-23T11:42:37","modified_gmt":"2023-02-23T14:42:37","slug":"direito-do-trabalho","status":"publish","type":"page","link":"https:\/\/zeliadvogados.com.br\/index.php\/direito-do-trabalho\/","title":{"rendered":"Direito do Trabalho"},"content":{"rendered":"\t\t<div data-elementor-type=\"wp-page\" data-elementor-id=\"31\" class=\"elementor elementor-31\">\n\t\t\t\t\t\t<section class=\"elementor-section elementor-top-section elementor-element elementor-element-3b35721 elementor-section-height-min-height elementor-section-boxed elementor-section-height-default elementor-section-items-middle\" data-id=\"3b35721\" data-element_type=\"section\" data-e-type=\"section\" data-settings=\"{&quot;background_background&quot;:&quot;classic&quot;}\">\n\t\t\t\t\t\t\t<div class=\"elementor-background-overlay\"><\/div>\n\t\t\t\t\t\t\t<div class=\"elementor-container elementor-column-gap-default\">\n\t\t\t\t\t<div class=\"elementor-column elementor-col-100 elementor-top-column elementor-element elementor-element-194fb3b\" data-id=\"194fb3b\" data-element_type=\"column\" data-e-type=\"column\">\n\t\t\t<div class=\"elementor-widget-wrap elementor-element-populated\">\n\t\t\t\t\t\t<div class=\"elementor-element elementor-element-f3be41a elementor-widget elementor-widget-heading\" data-id=\"f3be41a\" data-element_type=\"widget\" data-e-type=\"widget\" data-widget_type=\"heading.default\">\n\t\t\t\t<div class=\"elementor-widget-container\">\n\t\t\t\t\t<h2 class=\"elementor-heading-title elementor-size-default\">Direito do Trabalho<\/h2>\t\t\t\t<\/div>\n\t\t\t\t<\/div>\n\t\t\t\t\t<\/div>\n\t\t<\/div>\n\t\t\t\t\t<\/div>\n\t\t<\/section>\n\t\t\t\t<section class=\"elementor-section elementor-top-section elementor-element elementor-element-5dc5900 elementor-section-boxed elementor-section-height-default elementor-section-height-default\" data-id=\"5dc5900\" data-element_type=\"section\" data-e-type=\"section\" data-settings=\"{&quot;background_background&quot;:&quot;slideshow&quot;,&quot;background_slideshow_gallery&quot;:[{&quot;id&quot;:621,&quot;url&quot;:&quot;http:\\\/\\\/zeliadvogados.com.br\\\/wp-content\\\/uploads\\\/2023\\\/01\\\/Sem-nome-1920-\u00d7-1000-px-9.png&quot;}],&quot;background_slideshow_loop&quot;:&quot;yes&quot;,&quot;background_slideshow_slide_duration&quot;:5000,&quot;background_slideshow_slide_transition&quot;:&quot;fade&quot;,&quot;background_slideshow_transition_duration&quot;:500}\">\n\t\t\t\t\t\t<div class=\"elementor-container elementor-column-gap-default\">\n\t\t\t\t\t<div class=\"elementor-column elementor-col-100 elementor-top-column elementor-element elementor-element-b9c4efb\" data-id=\"b9c4efb\" data-element_type=\"column\" data-e-type=\"column\">\n\t\t\t<div class=\"elementor-widget-wrap elementor-element-populated\">\n\t\t\t\t\t\t<div class=\"elementor-element elementor-element-c1b5f24 elementor-widget elementor-widget-text-editor\" data-id=\"c1b5f24\" data-element_type=\"widget\" data-e-type=\"widget\" data-widget_type=\"text-editor.default\">\n\t\t\t\t<div class=\"elementor-widget-container\">\n\t\t\t\t\t\t\t\t\t<p><strong>Atuar como advogado trabalhista, em tempos modernos, ganhou um novo significado com a reforma trabalhista, pois a mudan\u00e7a na legisla\u00e7\u00e3o trouxe uma moderniza\u00e7\u00e3o nas rela\u00e7\u00f5es de trabalho e oportunidades para empresas e empregados.<\/strong><\/p><p><strong>Desta forma, \u00e9 primordial o conhecimento t\u00e9cnico para vencer o desafio de adapta\u00e7\u00e3o \u00e0s novas normas estabelecidas pela lei.<\/strong><\/p><p><strong>Entre os principais servi\u00e7os prestados est\u00e3o:<\/strong><\/p>\t\t\t\t\t\t\t\t<\/div>\n\t\t\t\t<\/div>\n\t\t\t\t\t<\/div>\n\t\t<\/div>\n\t\t\t\t\t<\/div>\n\t\t<\/section>\n\t\t\t\t<section class=\"elementor-section elementor-top-section elementor-element elementor-element-be12fbd elementor-section-boxed elementor-section-height-default elementor-section-height-default\" data-id=\"be12fbd\" data-element_type=\"section\" data-e-type=\"section\">\n\t\t\t\t\t\t<div class=\"elementor-container elementor-column-gap-default\">\n\t\t\t\t\t<div class=\"elementor-column elementor-col-100 elementor-top-column elementor-element elementor-element-574e24f\" data-id=\"574e24f\" data-element_type=\"column\" data-e-type=\"column\">\n\t\t\t<div class=\"elementor-widget-wrap elementor-element-populated\">\n\t\t\t\t\t\t<div class=\"elementor-element elementor-element-17f963f elementor-widget elementor-widget-heading\" data-id=\"17f963f\" data-element_type=\"widget\" data-e-type=\"widget\" data-widget_type=\"heading.default\">\n\t\t\t\t<div class=\"elementor-widget-container\">\n\t\t\t\t\t<h2 class=\"elementor-heading-title elementor-size-default\">\u2022 Reclama\u00e7\u00f5es Trabalhistas\/Rescis\u00e3o indireta<\/h2>\t\t\t\t<\/div>\n\t\t\t\t<\/div>\n\t\t\t\t<div class=\"elementor-element elementor-element-382c0ef elementor-widget elementor-widget-text-editor\" data-id=\"382c0ef\" data-element_type=\"widget\" data-e-type=\"widget\" data-widget_type=\"text-editor.default\">\n\t\t\t\t<div class=\"elementor-widget-container\">\n\t\t\t\t\t\t\t\t\t<p>Estas a\u00e7\u00f5es servem \u00fanica e exclusivamente para que o reclamante possa exigir em ju\u00edzo os seus direitos, com pr\u00e9via avalia\u00e7\u00e3o de potencial m\u00e1ximo e riscos da causa.<\/p>\t\t\t\t\t\t\t\t<\/div>\n\t\t\t\t<\/div>\n\t\t\t\t\t<\/div>\n\t\t<\/div>\n\t\t\t\t\t<\/div>\n\t\t<\/section>\n\t\t\t\t<section class=\"elementor-section elementor-top-section elementor-element elementor-element-2f4658b elementor-section-boxed elementor-section-height-default elementor-section-height-default\" data-id=\"2f4658b\" data-element_type=\"section\" data-e-type=\"section\">\n\t\t\t\t\t\t<div class=\"elementor-container elementor-column-gap-default\">\n\t\t\t\t\t<div class=\"elementor-column elementor-col-100 elementor-top-column elementor-element elementor-element-9c962df\" data-id=\"9c962df\" data-element_type=\"column\" data-e-type=\"column\">\n\t\t\t<div class=\"elementor-widget-wrap elementor-element-populated\">\n\t\t\t\t\t\t<div class=\"elementor-element elementor-element-b631a00 elementor-widget elementor-widget-heading\" data-id=\"b631a00\" data-element_type=\"widget\" data-e-type=\"widget\" data-widget_type=\"heading.default\">\n\t\t\t\t<div class=\"elementor-widget-container\">\n\t\t\t\t\t<h2 class=\"elementor-heading-title elementor-size-default\">\u2022 Negocia\u00e7\u00e3o e acordo extrajudicial\/ judicial de causas trabalhistas<\/h2>\t\t\t\t<\/div>\n\t\t\t\t<\/div>\n\t\t\t\t<div class=\"elementor-element elementor-element-7ea266a elementor-widget elementor-widget-text-editor\" data-id=\"7ea266a\" data-element_type=\"widget\" data-e-type=\"widget\" data-widget_type=\"text-editor.default\">\n\t\t\t\t<div class=\"elementor-widget-container\">\n\t\t\t\t\t\t\t\t\t<p>Este servi\u00e7o pode ser dedicado tanto a empregados como a empregadores, tendo em vista que todos podem negociar e chegar a um acordo judicialmente ou extrajudicialmente. Nosso escrit\u00f3rio tem profissionais especializados para resguardar tanto os direitos do empres\u00e1rio, como os direitos do empregado.<\/p>\t\t\t\t\t\t\t\t<\/div>\n\t\t\t\t<\/div>\n\t\t\t\t\t<\/div>\n\t\t<\/div>\n\t\t\t\t\t<\/div>\n\t\t<\/section>\n\t\t\t\t<section class=\"elementor-section elementor-top-section elementor-element elementor-element-2c1e68d elementor-section-boxed elementor-section-height-default elementor-section-height-default\" data-id=\"2c1e68d\" data-element_type=\"section\" data-e-type=\"section\">\n\t\t\t\t\t\t<div class=\"elementor-container elementor-column-gap-default\">\n\t\t\t\t\t<div class=\"elementor-column elementor-col-100 elementor-top-column elementor-element elementor-element-c9a4a5b\" data-id=\"c9a4a5b\" data-element_type=\"column\" data-e-type=\"column\">\n\t\t\t<div class=\"elementor-widget-wrap elementor-element-populated\">\n\t\t\t\t\t\t<div class=\"elementor-element elementor-element-7c80213 elementor-widget elementor-widget-heading\" data-id=\"7c80213\" data-element_type=\"widget\" data-e-type=\"widget\" data-widget_type=\"heading.default\">\n\t\t\t\t<div class=\"elementor-widget-container\">\n\t\t\t\t\t<h2 class=\"elementor-heading-title elementor-size-default\">\u2022 Orienta\u00e7\u00e3o quanto a acidentes de trabalho e direitos do empregado<\/h2>\t\t\t\t<\/div>\n\t\t\t\t<\/div>\n\t\t\t\t<div class=\"elementor-element elementor-element-31fa630 elementor-widget elementor-widget-text-editor\" data-id=\"31fa630\" data-element_type=\"widget\" data-e-type=\"widget\" data-widget_type=\"text-editor.default\">\n\t\t\t\t<div class=\"elementor-widget-container\">\n\t\t\t\t\t\t\t\t\t<p>Aquele que sofre acidente de trabalho precisa ser orientado por um profissional capacitado para que possa requerer seus direitos, sem se prejudicar em sua carreira.<\/p>\t\t\t\t\t\t\t\t<\/div>\n\t\t\t\t<\/div>\n\t\t\t\t\t<\/div>\n\t\t<\/div>\n\t\t\t\t\t<\/div>\n\t\t<\/section>\n\t\t\t\t<section class=\"elementor-section elementor-top-section elementor-element elementor-element-8e12b21 elementor-section-boxed elementor-section-height-default elementor-section-height-default\" data-id=\"8e12b21\" data-element_type=\"section\" data-e-type=\"section\">\n\t\t\t\t\t\t<div class=\"elementor-container elementor-column-gap-default\">\n\t\t\t\t\t<div class=\"elementor-column elementor-col-100 elementor-top-column elementor-element elementor-element-e2bd51b\" data-id=\"e2bd51b\" data-element_type=\"column\" data-e-type=\"column\">\n\t\t\t<div class=\"elementor-widget-wrap elementor-element-populated\">\n\t\t\t\t\t\t<div class=\"elementor-element elementor-element-090e60c elementor-widget elementor-widget-heading\" data-id=\"090e60c\" data-element_type=\"widget\" data-e-type=\"widget\" data-widget_type=\"heading.default\">\n\t\t\t\t<div class=\"elementor-widget-container\">\n\t\t\t\t\t<h2 class=\"elementor-heading-title elementor-size-default\">\u2022 C\u00e1lculos pr\u00e9vios de verbas e direitos trabalhistas<\/h2>\t\t\t\t<\/div>\n\t\t\t\t<\/div>\n\t\t\t\t<div class=\"elementor-element elementor-element-b642c2b elementor-widget elementor-widget-text-editor\" data-id=\"b642c2b\" data-element_type=\"widget\" data-e-type=\"widget\" data-widget_type=\"text-editor.default\">\n\t\t\t\t<div class=\"elementor-widget-container\">\n\t\t\t\t\t\t\t\t\t<p>Estes c\u00e1lculos s\u00e3o feitos por nossos profissionais especialistas e entregues ao solicitante de forma completa, juntamente com uma an\u00e1lise\/parecer acerca de todo o resultado obtido. Este parecer \u00e9 o que vai nortear o cliente ao que deve\/pode ser feito posteriormente.<\/p>\t\t\t\t\t\t\t\t<\/div>\n\t\t\t\t<\/div>\n\t\t\t\t\t<\/div>\n\t\t<\/div>\n\t\t\t\t\t<\/div>\n\t\t<\/section>\n\t\t\t\t<section class=\"elementor-section elementor-top-section elementor-element elementor-element-4403cbd elementor-section-boxed elementor-section-height-default elementor-section-height-default\" data-id=\"4403cbd\" data-element_type=\"section\" data-e-type=\"section\">\n\t\t\t\t\t\t<div class=\"elementor-container elementor-column-gap-default\">\n\t\t\t\t\t<div class=\"elementor-column elementor-col-100 elementor-top-column elementor-element elementor-element-bec6949\" data-id=\"bec6949\" data-element_type=\"column\" data-e-type=\"column\">\n\t\t\t<div class=\"elementor-widget-wrap elementor-element-populated\">\n\t\t\t\t\t\t<div class=\"elementor-element elementor-element-d6a6f25 elementor-widget elementor-widget-heading\" data-id=\"d6a6f25\" data-element_type=\"widget\" data-e-type=\"widget\" data-widget_type=\"heading.default\">\n\t\t\t\t<div class=\"elementor-widget-container\">\n\t\t\t\t\t<h2 class=\"elementor-heading-title elementor-size-default\">\u2022 Contencioso trabalhista empresarial<\/h2>\t\t\t\t<\/div>\n\t\t\t\t<\/div>\n\t\t\t\t<div class=\"elementor-element elementor-element-935351f elementor-widget elementor-widget-text-editor\" data-id=\"935351f\" data-element_type=\"widget\" data-e-type=\"widget\" data-widget_type=\"text-editor.default\">\n\t\t\t\t<div class=\"elementor-widget-container\">\n\t\t\t\t\t\t\t\t\t<p>O Zeli Advogados disp\u00f5e de profissionais com experi\u00eancia na defesa de empresas em quest\u00f5es judiciais trabalhistas, sejam elas a\u00e7\u00f5es indenizat\u00f3rias, autos de infra\u00e7\u00e3o ou notifica\u00e7\u00f5es.<\/p>\t\t\t\t\t\t\t\t<\/div>\n\t\t\t\t<\/div>\n\t\t\t\t\t<\/div>\n\t\t<\/div>\n\t\t\t\t\t<\/div>\n\t\t<\/section>\n\t\t\t\t<section class=\"elementor-section elementor-top-section elementor-element elementor-element-6d1c1ae elementor-section-boxed elementor-section-height-default elementor-section-height-default\" data-id=\"6d1c1ae\" data-element_type=\"section\" data-e-type=\"section\">\n\t\t\t\t\t\t<div class=\"elementor-container elementor-column-gap-default\">\n\t\t\t\t\t<div class=\"elementor-column elementor-col-100 elementor-top-column elementor-element elementor-element-8d62b44\" data-id=\"8d62b44\" data-element_type=\"column\" data-e-type=\"column\">\n\t\t\t<div class=\"elementor-widget-wrap elementor-element-populated\">\n\t\t\t\t\t\t<div class=\"elementor-element elementor-element-c8ad5cf elementor-widget__width-auto elementor-fixed elementor-view-default elementor-invisible elementor-widget elementor-widget-icon\" data-id=\"c8ad5cf\" data-element_type=\"widget\" data-e-type=\"widget\" data-settings=\"{&quot;_position&quot;:&quot;fixed&quot;,&quot;_animation&quot;:&quot;zoomInDown&quot;}\" data-widget_type=\"icon.default\">\n\t\t\t\t<div class=\"elementor-widget-container\">\n\t\t\t\t\t\t\t<div class=\"elementor-icon-wrapper\">\n\t\t\t<a class=\"elementor-icon elementor-animation-buzz\" href=\"https:\/\/wa.me\/5511974684373?text=Ol%C3%A1!%20Gostaria%20de%20falar%20sobre%20meu%20caso%20com%20um%20advogado!\">\n\t\t\t<i aria-hidden=\"true\" class=\"fab fa-whatsapp-square\"><\/i>\t\t\t<\/a>\n\t\t<\/div>\n\t\t\t\t\t\t<\/div>\n\t\t\t\t<\/div>\n\t\t\t\t\t<\/div>\n\t\t<\/div>\n\t\t\t\t\t<\/div>\n\t\t<\/section>\n\t\t\t\t<\/div>\n\t\t","protected":false},"excerpt":{"rendered":"<p>Direito do Trabalho Atuar como advogado trabalhista, em tempos modernos, ganhou um novo significado com a reforma trabalhista, pois a mudan\u00e7a na legisla\u00e7\u00e3o trouxe uma moderniza\u00e7\u00e3o nas rela\u00e7\u00f5es de trabalho e oportunidades para empresas e empregados. Desta forma, \u00e9 primordial o conhecimento t\u00e9cnico para vencer o desafio de adapta\u00e7\u00e3o \u00e0s novas normas estabelecidas pela lei. [&hellip;]<\/p>\n","protected":false},"author":1,"featured_media":0,"parent":0,"menu_order":0,"comment_status":"closed","ping_status":"closed","template":"elementor_header_footer","meta":{"footnotes":""},"class_list":["post-31","page","type-page","status-publish","hentry"],"yoast_head":"<!-- This site is optimized with the Yoast SEO plugin v27.3 - https:\/\/yoast.com\/product\/yoast-seo-wordpress\/ -->\n<title>Direito do Trabalho - Zeli Advogados<\/title>\n<meta name=\"robots\" content=\"index, follow, max-snippet:-1, max-image-preview:large, max-video-preview:-1\" \/>\n<link rel=\"canonical\" href=\"https:\/\/zeliadvogados.com.br\/index.php\/direito-do-trabalho\/\" \/>\n<meta property=\"og:locale\" content=\"en_US\" \/>\n<meta property=\"og:type\" content=\"article\" \/>\n<meta property=\"og:title\" content=\"Direito do Trabalho - Zeli Advogados\" \/>\n<meta property=\"og:description\" content=\"Direito do Trabalho Atuar como advogado trabalhista, em tempos modernos, ganhou um novo significado com a reforma trabalhista, pois a mudan\u00e7a na legisla\u00e7\u00e3o trouxe uma moderniza\u00e7\u00e3o nas rela\u00e7\u00f5es de trabalho e oportunidades para empresas e empregados. Desta forma, \u00e9 primordial o conhecimento t\u00e9cnico para vencer o desafio de adapta\u00e7\u00e3o \u00e0s novas normas estabelecidas pela lei. [&hellip;]\" \/>\n<meta property=\"og:url\" content=\"https:\/\/zeliadvogados.com.br\/index.php\/direito-do-trabalho\/\" \/>\n<meta property=\"og:site_name\" content=\"Zeli Advogados\" \/>\n<meta property=\"article:publisher\" content=\"https:\/\/www.facebook.com\/Zeliadvogados\" \/>\n<meta property=\"article:modified_time\" content=\"2023-02-23T14:42:37+00:00\" \/>\n<meta name=\"twitter:card\" content=\"summary_large_image\" \/>\n<meta name=\"twitter:label1\" content=\"Est. reading time\" \/>\n\t<meta name=\"twitter:data1\" content=\"1 minute\" \/>\n<script type=\"application\/ld+json\" class=\"yoast-schema-graph\">{\"@context\":\"https:\\\/\\\/schema.org\",\"@graph\":[{\"@type\":\"WebPage\",\"@id\":\"https:\\\/\\\/zeliadvogados.com.br\\\/index.php\\\/direito-do-trabalho\\\/\",\"url\":\"https:\\\/\\\/zeliadvogados.com.br\\\/index.php\\\/direito-do-trabalho\\\/\",\"name\":\"Direito do Trabalho - Zeli Advogados\",\"isPartOf\":{\"@id\":\"http:\\\/\\\/zeliadvogados.com.br\\\/#website\"},\"datePublished\":\"2023-01-17T14:34:29+00:00\",\"dateModified\":\"2023-02-23T14:42:37+00:00\",\"breadcrumb\":{\"@id\":\"https:\\\/\\\/zeliadvogados.com.br\\\/index.php\\\/direito-do-trabalho\\\/#breadcrumb\"},\"inLanguage\":\"en-US\",\"potentialAction\":[{\"@type\":\"ReadAction\",\"target\":[\"https:\\\/\\\/zeliadvogados.com.br\\\/index.php\\\/direito-do-trabalho\\\/\"]}]},{\"@type\":\"BreadcrumbList\",\"@id\":\"https:\\\/\\\/zeliadvogados.com.br\\\/index.php\\\/direito-do-trabalho\\\/#breadcrumb\",\"itemListElement\":[{\"@type\":\"ListItem\",\"position\":1,\"name\":\"In\u00edcio\",\"item\":\"http:\\\/\\\/zeliadvogados.com.br\\\/\"},{\"@type\":\"ListItem\",\"position\":2,\"name\":\"Direito do Trabalho\"}]},{\"@type\":\"WebSite\",\"@id\":\"http:\\\/\\\/zeliadvogados.com.br\\\/#website\",\"url\":\"http:\\\/\\\/zeliadvogados.com.br\\\/\",\"name\":\"Zeli Advogados\",\"description\":\"O ESCRIT\u00d3RIO DE ADVOCACIA MAIS RENOMADO DE S\u00c3O PAULO\",\"potentialAction\":[{\"@type\":\"SearchAction\",\"target\":{\"@type\":\"EntryPoint\",\"urlTemplate\":\"http:\\\/\\\/zeliadvogados.com.br\\\/?s={search_term_string}\"},\"query-input\":{\"@type\":\"PropertyValueSpecification\",\"valueRequired\":true,\"valueName\":\"search_term_string\"}}],\"inLanguage\":\"en-US\"}]}<\/script>\n<!-- \/ Yoast SEO plugin. -->","yoast_head_json":{"title":"Direito do Trabalho - Zeli Advogados","robots":{"index":"index","follow":"follow","max-snippet":"max-snippet:-1","max-image-preview":"max-image-preview:large","max-video-preview":"max-video-preview:-1"},"canonical":"https:\/\/zeliadvogados.com.br\/index.php\/direito-do-trabalho\/","og_locale":"en_US","og_type":"article","og_title":"Direito do Trabalho - Zeli Advogados","og_description":"Direito do Trabalho Atuar como advogado trabalhista, em tempos modernos, ganhou um novo significado com a reforma trabalhista, pois a mudan\u00e7a na legisla\u00e7\u00e3o trouxe uma moderniza\u00e7\u00e3o nas rela\u00e7\u00f5es de trabalho e oportunidades para empresas e empregados. Desta forma, \u00e9 primordial o conhecimento t\u00e9cnico para vencer o desafio de adapta\u00e7\u00e3o \u00e0s novas normas estabelecidas pela lei. [&hellip;]","og_url":"https:\/\/zeliadvogados.com.br\/index.php\/direito-do-trabalho\/","og_site_name":"Zeli Advogados","article_publisher":"https:\/\/www.facebook.com\/Zeliadvogados","article_modified_time":"2023-02-23T14:42:37+00:00","twitter_card":"summary_large_image","twitter_misc":{"Est. reading time":"1 minute"},"schema":{"@context":"https:\/\/schema.org","@graph":[{"@type":"WebPage","@id":"https:\/\/zeliadvogados.com.br\/index.php\/direito-do-trabalho\/","url":"https:\/\/zeliadvogados.com.br\/index.php\/direito-do-trabalho\/","name":"Direito do Trabalho - Zeli Advogados","isPartOf":{"@id":"http:\/\/zeliadvogados.com.br\/#website"},"datePublished":"2023-01-17T14:34:29+00:00","dateModified":"2023-02-23T14:42:37+00:00","breadcrumb":{"@id":"https:\/\/zeliadvogados.com.br\/index.php\/direito-do-trabalho\/#breadcrumb"},"inLanguage":"en-US","potentialAction":[{"@type":"ReadAction","target":["https:\/\/zeliadvogados.com.br\/index.php\/direito-do-trabalho\/"]}]},{"@type":"BreadcrumbList","@id":"https:\/\/zeliadvogados.com.br\/index.php\/direito-do-trabalho\/#breadcrumb","itemListElement":[{"@type":"ListItem","position":1,"name":"In\u00edcio","item":"http:\/\/zeliadvogados.com.br\/"},{"@type":"ListItem","position":2,"name":"Direito do Trabalho"}]},{"@type":"WebSite","@id":"http:\/\/zeliadvogados.com.br\/#website","url":"http:\/\/zeliadvogados.com.br\/","name":"Zeli Advogados","description":"O ESCRIT\u00d3RIO DE ADVOCACIA MAIS RENOMADO DE S\u00c3O PAULO","potentialAction":[{"@type":"SearchAction","target":{"@type":"EntryPoint","urlTemplate":"http:\/\/zeliadvogados.com.br\/?s={search_term_string}"},"query-input":{"@type":"PropertyValueSpecification","valueRequired":true,"valueName":"search_term_string"}}],"inLanguage":"en-US"}]}},"_links":{"self":[{"href":"https:\/\/zeliadvogados.com.br\/index.php\/wp-json\/wp\/v2\/pages\/31","targetHints":{"allow":["GET"]}}],"collection":[{"href":"https:\/\/zeliadvogados.com.br\/index.php\/wp-json\/wp\/v2\/pages"}],"about":[{"href":"https:\/\/zeliadvogados.com.br\/index.php\/wp-json\/wp\/v2\/types\/page"}],"author":[{"embeddable":true,"href":"https:\/\/zeliadvogados.com.br\/index.php\/wp-json\/wp\/v2\/users\/1"}],"replies":[{"embeddable":true,"href":"https:\/\/zeliadvogados.com.br\/index.php\/wp-json\/wp\/v2\/comments?post=31"}],"version-history":[{"count":19,"href":"https:\/\/zeliadvogados.com.br\/index.php\/wp-json\/wp\/v2\/pages\/31\/revisions"}],"predecessor-version":[{"id":1598,"href":"https:\/\/zeliadvogados.com.br\/index.php\/wp-json\/wp\/v2\/pages\/31\/revisions\/1598"}],"wp:attachment":[{"href":"https:\/\/zeliadvogados.com.br\/index.php\/wp-json\/wp\/v2\/media?parent=31"}],"curies":[{"name":"wp","href":"https:\/\/api.w.org\/{rel}","templated":true}]}}