{"id":27,"date":"2023-01-17T11:34:02","date_gmt":"2023-01-17T14:34:02","guid":{"rendered":"http:\/\/zeliadvogados.com.br\/?page_id=27"},"modified":"2023-02-23T11:43:32","modified_gmt":"2023-02-23T14:43:32","slug":"nossa-historia","status":"publish","type":"page","link":"https:\/\/zeliadvogados.com.br\/index.php\/nossa-historia\/","title":{"rendered":"Nossa Hist\u00f3ria"},"content":{"rendered":"\t\t<div data-elementor-type=\"wp-page\" data-elementor-id=\"27\" class=\"elementor elementor-27\">\n\t\t\t\t\t\t<section class=\"elementor-section elementor-top-section elementor-element elementor-element-0ab7fe8 elementor-section-height-min-height elementor-section-boxed elementor-section-height-default elementor-section-items-middle\" data-id=\"0ab7fe8\" data-element_type=\"section\" data-e-type=\"section\" data-settings=\"{&quot;background_background&quot;:&quot;slideshow&quot;,&quot;background_slideshow_gallery&quot;:[{&quot;id&quot;:1200,&quot;url&quot;:&quot;http:\\\/\\\/zeliadvogados.com.br\\\/wp-content\\\/uploads\\\/2023\\\/01\\\/Sem-nome-1920-\u00d7-1000-px-11-1.png&quot;}],&quot;background_slideshow_loop&quot;:&quot;yes&quot;,&quot;background_slideshow_slide_duration&quot;:5000,&quot;background_slideshow_slide_transition&quot;:&quot;fade&quot;,&quot;background_slideshow_transition_duration&quot;:500}\">\n\t\t\t\t\t\t\t<div class=\"elementor-background-overlay\"><\/div>\n\t\t\t\t\t\t\t<div class=\"elementor-container elementor-column-gap-default\">\n\t\t\t\t\t<div class=\"elementor-column elementor-col-100 elementor-top-column elementor-element elementor-element-5462ea1\" data-id=\"5462ea1\" data-element_type=\"column\" data-e-type=\"column\">\n\t\t\t<div class=\"elementor-widget-wrap elementor-element-populated\">\n\t\t\t\t\t\t<div class=\"elementor-element elementor-element-b57d37d elementor-widget elementor-widget-heading\" data-id=\"b57d37d\" data-element_type=\"widget\" data-e-type=\"widget\" data-widget_type=\"heading.default\">\n\t\t\t\t<div class=\"elementor-widget-container\">\n\t\t\t\t\t<h2 class=\"elementor-heading-title elementor-size-default\">Nossa Hist\u00f3ria<\/h2>\t\t\t\t<\/div>\n\t\t\t\t<\/div>\n\t\t\t\t\t<\/div>\n\t\t<\/div>\n\t\t\t\t\t<\/div>\n\t\t<\/section>\n\t\t\t\t<section class=\"elementor-section elementor-top-section elementor-element elementor-element-94ba04d elementor-section-boxed elementor-section-height-default elementor-section-height-default\" data-id=\"94ba04d\" data-element_type=\"section\" data-e-type=\"section\">\n\t\t\t\t\t\t<div class=\"elementor-container elementor-column-gap-default\">\n\t\t\t\t\t<div class=\"elementor-column elementor-col-100 elementor-top-column elementor-element elementor-element-dc0d1b4\" data-id=\"dc0d1b4\" data-element_type=\"column\" data-e-type=\"column\">\n\t\t\t<div class=\"elementor-widget-wrap elementor-element-populated\">\n\t\t\t\t\t\t<div class=\"elementor-element elementor-element-209920d elementor-widget elementor-widget-text-editor\" data-id=\"209920d\" data-element_type=\"widget\" data-e-type=\"widget\" data-widget_type=\"text-editor.default\">\n\t\t\t\t<div class=\"elementor-widget-container\">\n\t\t\t\t\t\t\t\t\t<p>O escrit\u00f3rio <strong>Zeli Advogados<\/strong> iniciou com uma grande preocupa\u00e7\u00e3o em atender clientes de uma <strong>maneira diferenciada.<\/strong><\/p><p>Nossa s\u00f3cia sempre escutou seus pais reclamando de advogados que prestavam servi\u00e7os para a fam\u00edlia, os quais n\u00e3o davam suporte quanto ao processo em andamento. Sendo assim, sempre procurou fazer\u00a0 diferente em sua advocacia, e foi assim que surgiu a<strong> vontade de se destacar no mercado.<\/strong><\/p><p>Enfrentamos uma pandemia, adequamos o escrit\u00f3rio para todos os meios digitais, e continuamos atendendo clientes de S\u00e3o Paulo de forma remota. Foi nesse momento que pessoas de outros Estados procuraram o escrit\u00f3rio para ingressar com a\u00e7\u00f5es, pois muitos de suas cidades estavam fechando as portas.<\/p><p>Nesse momento, fomos convidados a participar do programa <strong>Empres\u00e1rios de Sucesso, transmitido pela BandNews,<\/strong> onde nossa s\u00f3cia contou um pouco sobre tudo que aconteceu durante a pandemia, e explicou como conseguia passar confian\u00e7a aos clientes remotamente.\u00a0<\/p><p>Atualmente, e expandindo constantemente, o<strong> ZELI ADVOGADOS<\/strong> \u00e9 um escrit\u00f3rio que atua com diversas \u00e1reas do Direito, com profissionais especializados em cada uma destas \u00e1reas de atua\u00e7\u00e3o. Situado em S\u00e3o Paulo e,\u00a0<strong>atuante em diversos Estados do Brasil<\/strong>, como Bahia, Minas Gerais, Pernambuco, Rio de Janeiro, entre outros, conquista novos clientes parceiros e causas diariamente, atrav\u00e9s de nossa <strong>presta\u00e7\u00e3o de servi\u00e7os com excel\u00eancia, comprometimento e honestidade.<\/strong><\/p><p>O escrit\u00f3rio atua com <strong>\u00e9tica, qualidade, compromisso em todas as suas compet\u00eancias,<\/strong> buscando sempre a melhor solu\u00e7\u00e3o jur\u00eddica para o cliente\/parceiro, analisando o caso concreto de forma separada, pois para n\u00f3s,<strong> CADA CLIENTE \u00c9 \u00daNICO.<\/strong><\/p><p>Em constante expans\u00e3o e nos aproximando cada vez mais de nossos clientes, trabalhamos com <strong>consultorias especializadas,<\/strong> buscando atender as expectativas do p\u00fablico que nos espera, modernizando os andamentos processuais com atualiza\u00e7\u00e3o jurisprudencial di\u00e1ria.<\/p><p>Nossas conquistas, associadas aos casos de sucesso, s\u00f3 foram poss\u00edveis gra\u00e7as \u00e0 confian\u00e7a do cliente. O objetivo di\u00e1rio do Zeli Advogados \u00e9 superar a expectativa do cliente de forma eficiente e segura, criando um relacionamento efetivo e duradouro.<\/p><p>Nosso escrit\u00f3rio trabalha com base na <strong>transpar\u00eancia de seus servi\u00e7os,<\/strong> sempre atualizando os clientes mensalmente dos andamentos processuais, e oferecendo toda a seguran\u00e7a jur\u00eddica aos mesmos, para que tenham conhecimento dos pr\u00f3ximos passos que ser\u00e3o adotados ao caso.<\/p><p>Temos o compromisso com o cliente de <strong>seguir a estrat\u00e9gia adotada por nossos profissionais<\/strong>, alcan\u00e7ando a satisfa\u00e7\u00e3o.<\/p>\t\t\t\t\t\t\t\t<\/div>\n\t\t\t\t<\/div>\n\t\t\t\t<div class=\"elementor-element elementor-element-cf9ce67 elementor-star-rating--align-center elementor--star-style-star_fontawesome elementor-widget elementor-widget-star-rating\" data-id=\"cf9ce67\" data-element_type=\"widget\" data-e-type=\"widget\" data-widget_type=\"star-rating.default\">\n\t\t\t\t<div class=\"elementor-widget-container\">\n\t\t\t\t\t\t\t<div class=\"elementor-star-rating__wrapper\">\n\t\t\t\t\t\t\t<div class=\"elementor-star-rating__title\">SELO REFER\u00caNCIA NACIONAL - ANCEC<\/div>\n\t\t\t\t\t\t<div class=\"elementor-star-rating\" itemtype=\"http:\/\/schema.org\/Rating\" itemscope=\"\" itemprop=\"reviewRating\">\n\t\t\t\t<i class=\"elementor-star-full\" aria-hidden=\"true\">&#xE934;<\/i><i class=\"elementor-star-full\" aria-hidden=\"true\">&#xE934;<\/i><i class=\"elementor-star-full\" aria-hidden=\"true\">&#xE934;<\/i><i class=\"elementor-star-full\" aria-hidden=\"true\">&#xE934;<\/i><i class=\"elementor-star-full\" aria-hidden=\"true\">&#xE934;<\/i>\t\t\t\t<span itemprop=\"ratingValue\" class=\"elementor-screen-only\">Rated 5 out of 5<\/span>\n\t\t\t<\/div>\n\t\t<\/div>\n\t\t\t\t\t\t<\/div>\n\t\t\t\t<\/div>\n\t\t\t\t\t<\/div>\n\t\t<\/div>\n\t\t\t\t\t<\/div>\n\t\t<\/section>\n\t\t\t\t<section class=\"elementor-section elementor-top-section elementor-element elementor-element-f659ae0 elementor-section-boxed elementor-section-height-default elementor-section-height-default\" data-id=\"f659ae0\" data-element_type=\"section\" data-e-type=\"section\">\n\t\t\t\t\t\t<div class=\"elementor-container elementor-column-gap-default\">\n\t\t\t\t\t<div class=\"elementor-column elementor-col-100 elementor-top-column elementor-element elementor-element-26381c2\" data-id=\"26381c2\" data-element_type=\"column\" data-e-type=\"column\">\n\t\t\t<div class=\"elementor-widget-wrap elementor-element-populated\">\n\t\t\t\t\t\t<div class=\"elementor-element elementor-element-3927e22 elementor-widget elementor-widget-image\" data-id=\"3927e22\" data-element_type=\"widget\" data-e-type=\"widget\" data-widget_type=\"image.default\">\n\t\t\t\t<div class=\"elementor-widget-container\">\n\t\t\t\t\t\t\t\t\t\t\t\t\t\t\t<img decoding=\"async\" src=\"https:\/\/zeliadvogados.com.br\/wp-content\/uploads\/2023\/01\/Selo-Empresa-em-desenvolvimeto-1-1-scaled.jpg\" title=\"Selo Empresa em desenvolvimeto (1)\" alt=\"Selo Empresa em desenvolvimeto (1)\" loading=\"lazy\" \/>\t\t\t\t\t\t\t\t\t\t\t\t\t\t\t<\/div>\n\t\t\t\t<\/div>\n\t\t\t\t<div class=\"elementor-element elementor-element-3188d1c elementor-widget elementor-widget-text-editor\" data-id=\"3188d1c\" data-element_type=\"widget\" data-e-type=\"widget\" data-widget_type=\"text-editor.default\">\n\t\t\t\t<div class=\"elementor-widget-container\">\n\t\t\t\t\t\t\t\t\t<p>A ANCEC \u00e9 a entidade mantenedora do Selo Refer\u00eancia Nacional, criado para valorizar o empreendedorismo em todos os segmentos, independentemente do porte, regi\u00e3o ou atividade da empresa. O maior requisito para a gratifica\u00e7\u00e3o \u00e9 a <strong>execu\u00e7\u00e3o positiva do seu trabalho, sendo reconhecido como destaque ou refer\u00eancia pela atividade em nosso Pa\u00eds<\/strong>.<\/p>\n<p>O escrit\u00f3rio Zeli Advogados, teve o prazer e a honra de ser escolhido por este \u00f3rg\u00e3o, por ter sido <strong>avaliado positivamente<\/strong>, de acordo com os crit\u00e9rios da comiss\u00e3o de an\u00e1lise da institui\u00e7\u00e3o. Sendo assim, fomos prestigiados com autoriza\u00e7\u00e3o em utilizar o SELO REFER\u00caNCIA NACIONAL &amp; QUALIDADE EMPRESARIAL, por <strong>sempre colocar em primeiro lugar nossos clientes acima de n\u00f3s mesmos.<\/strong><br>Agradecemos \u00e0 ANCEC pelo prest\u00edgio!<\/p>\t\t\t\t\t\t\t\t<\/div>\n\t\t\t\t<\/div>\n\t\t\t\t\t<\/div>\n\t\t<\/div>\n\t\t\t\t\t<\/div>\n\t\t<\/section>\n\t\t\t\t<section class=\"elementor-section elementor-top-section elementor-element elementor-element-0f2f3cc elementor-section-boxed elementor-section-height-default elementor-section-height-default\" data-id=\"0f2f3cc\" data-element_type=\"section\" data-e-type=\"section\">\n\t\t\t\t\t\t<div class=\"elementor-container elementor-column-gap-default\">\n\t\t\t\t\t<div class=\"elementor-column elementor-col-100 elementor-top-column elementor-element elementor-element-b8e5f8a\" data-id=\"b8e5f8a\" data-element_type=\"column\" data-e-type=\"column\">\n\t\t\t<div class=\"elementor-widget-wrap elementor-element-populated\">\n\t\t\t\t\t\t<div class=\"elementor-element elementor-element-949086b elementor-widget__width-auto elementor-fixed elementor-view-default elementor-invisible elementor-widget elementor-widget-icon\" data-id=\"949086b\" data-element_type=\"widget\" data-e-type=\"widget\" data-settings=\"{&quot;_position&quot;:&quot;fixed&quot;,&quot;_animation&quot;:&quot;zoomInDown&quot;}\" data-widget_type=\"icon.default\">\n\t\t\t\t<div class=\"elementor-widget-container\">\n\t\t\t\t\t\t\t<div class=\"elementor-icon-wrapper\">\n\t\t\t<a class=\"elementor-icon elementor-animation-buzz\" href=\"https:\/\/wa.me\/5511974684373?text=Ol%C3%A1!%20Gostaria%20de%20falar%20sobre%20meu%20caso%20com%20um%20advogado!\">\n\t\t\t<i aria-hidden=\"true\" class=\"fab fa-whatsapp-square\"><\/i>\t\t\t<\/a>\n\t\t<\/div>\n\t\t\t\t\t\t<\/div>\n\t\t\t\t<\/div>\n\t\t\t\t\t<\/div>\n\t\t<\/div>\n\t\t\t\t\t<\/div>\n\t\t<\/section>\n\t\t\t\t<\/div>\n\t\t","protected":false},"excerpt":{"rendered":"<p>Nossa Hist\u00f3ria O escrit\u00f3rio Zeli Advogados iniciou com uma grande preocupa\u00e7\u00e3o em atender clientes de uma maneira diferenciada. Nossa s\u00f3cia sempre escutou seus pais reclamando de advogados que prestavam servi\u00e7os para a fam\u00edlia, os quais n\u00e3o davam suporte quanto ao processo em andamento. Sendo assim, sempre procurou fazer\u00a0 diferente em sua advocacia, e foi assim [&hellip;]<\/p>\n","protected":false},"author":1,"featured_media":0,"parent":0,"menu_order":0,"comment_status":"closed","ping_status":"closed","template":"elementor_header_footer","meta":{"footnotes":""},"class_list":["post-27","page","type-page","status-publish","hentry"],"yoast_head":"<!-- This site is optimized with the Yoast SEO plugin v27.3 - https:\/\/yoast.com\/product\/yoast-seo-wordpress\/ -->\n<title>Nossa Hist\u00f3ria - Zeli Advogados<\/title>\n<meta name=\"robots\" content=\"index, follow, max-snippet:-1, max-image-preview:large, max-video-preview:-1\" \/>\n<link rel=\"canonical\" href=\"https:\/\/zeliadvogados.com.br\/index.php\/nossa-historia\/\" \/>\n<meta property=\"og:locale\" content=\"en_US\" \/>\n<meta property=\"og:type\" content=\"article\" \/>\n<meta property=\"og:title\" content=\"Nossa Hist\u00f3ria - Zeli Advogados\" \/>\n<meta property=\"og:description\" content=\"Nossa Hist\u00f3ria O escrit\u00f3rio Zeli Advogados iniciou com uma grande preocupa\u00e7\u00e3o em atender clientes de uma maneira diferenciada. Nossa s\u00f3cia sempre escutou seus pais reclamando de advogados que prestavam servi\u00e7os para a fam\u00edlia, os quais n\u00e3o davam suporte quanto ao processo em andamento. Sendo assim, sempre procurou fazer\u00a0 diferente em sua advocacia, e foi assim [&hellip;]\" \/>\n<meta property=\"og:url\" content=\"https:\/\/zeliadvogados.com.br\/index.php\/nossa-historia\/\" \/>\n<meta property=\"og:site_name\" content=\"Zeli Advogados\" \/>\n<meta property=\"article:publisher\" content=\"https:\/\/www.facebook.com\/Zeliadvogados\" \/>\n<meta property=\"article:modified_time\" content=\"2023-02-23T14:43:32+00:00\" \/>\n<meta property=\"og:image\" content=\"http:\/\/zeliadvogados.com.br\/wp-content\/uploads\/elementor\/thumbs\/Selo-Empresa-em-desenvolvimeto-1-1-scaled-q19c6nk59b2s1cui0audogti2r96hrd8xcbpqew2nk.jpg\" \/>\n<meta name=\"twitter:card\" content=\"summary_large_image\" \/>\n<meta name=\"twitter:label1\" content=\"Est. reading time\" \/>\n\t<meta name=\"twitter:data1\" content=\"3 minutes\" \/>\n<script type=\"application\/ld+json\" class=\"yoast-schema-graph\">{\"@context\":\"https:\\\/\\\/schema.org\",\"@graph\":[{\"@type\":\"WebPage\",\"@id\":\"https:\\\/\\\/zeliadvogados.com.br\\\/index.php\\\/nossa-historia\\\/\",\"url\":\"https:\\\/\\\/zeliadvogados.com.br\\\/index.php\\\/nossa-historia\\\/\",\"name\":\"Nossa Hist\u00f3ria - Zeli Advogados\",\"isPartOf\":{\"@id\":\"http:\\\/\\\/zeliadvogados.com.br\\\/#website\"},\"primaryImageOfPage\":{\"@id\":\"https:\\\/\\\/zeliadvogados.com.br\\\/index.php\\\/nossa-historia\\\/#primaryimage\"},\"image\":{\"@id\":\"https:\\\/\\\/zeliadvogados.com.br\\\/index.php\\\/nossa-historia\\\/#primaryimage\"},\"thumbnailUrl\":\"http:\\\/\\\/zeliadvogados.com.br\\\/wp-content\\\/uploads\\\/elementor\\\/thumbs\\\/Selo-Empresa-em-desenvolvimeto-1-1-scaled-q19c6nk59b2s1cui0audogti2r96hrd8xcbpqew2nk.jpg\",\"datePublished\":\"2023-01-17T14:34:02+00:00\",\"dateModified\":\"2023-02-23T14:43:32+00:00\",\"breadcrumb\":{\"@id\":\"https:\\\/\\\/zeliadvogados.com.br\\\/index.php\\\/nossa-historia\\\/#breadcrumb\"},\"inLanguage\":\"en-US\",\"potentialAction\":[{\"@type\":\"ReadAction\",\"target\":[\"https:\\\/\\\/zeliadvogados.com.br\\\/index.php\\\/nossa-historia\\\/\"]}]},{\"@type\":\"ImageObject\",\"inLanguage\":\"en-US\",\"@id\":\"https:\\\/\\\/zeliadvogados.com.br\\\/index.php\\\/nossa-historia\\\/#primaryimage\",\"url\":\"http:\\\/\\\/zeliadvogados.com.br\\\/wp-content\\\/uploads\\\/elementor\\\/thumbs\\\/Selo-Empresa-em-desenvolvimeto-1-1-scaled-q19c6nk59b2s1cui0audogti2r96hrd8xcbpqew2nk.jpg\",\"contentUrl\":\"http:\\\/\\\/zeliadvogados.com.br\\\/wp-content\\\/uploads\\\/elementor\\\/thumbs\\\/Selo-Empresa-em-desenvolvimeto-1-1-scaled-q19c6nk59b2s1cui0audogti2r96hrd8xcbpqew2nk.jpg\"},{\"@type\":\"BreadcrumbList\",\"@id\":\"https:\\\/\\\/zeliadvogados.com.br\\\/index.php\\\/nossa-historia\\\/#breadcrumb\",\"itemListElement\":[{\"@type\":\"ListItem\",\"position\":1,\"name\":\"In\u00edcio\",\"item\":\"http:\\\/\\\/zeliadvogados.com.br\\\/\"},{\"@type\":\"ListItem\",\"position\":2,\"name\":\"Nossa Hist\u00f3ria\"}]},{\"@type\":\"WebSite\",\"@id\":\"http:\\\/\\\/zeliadvogados.com.br\\\/#website\",\"url\":\"http:\\\/\\\/zeliadvogados.com.br\\\/\",\"name\":\"Zeli Advogados\",\"description\":\"O ESCRIT\u00d3RIO DE ADVOCACIA MAIS RENOMADO DE S\u00c3O PAULO\",\"potentialAction\":[{\"@type\":\"SearchAction\",\"target\":{\"@type\":\"EntryPoint\",\"urlTemplate\":\"http:\\\/\\\/zeliadvogados.com.br\\\/?s={search_term_string}\"},\"query-input\":{\"@type\":\"PropertyValueSpecification\",\"valueRequired\":true,\"valueName\":\"search_term_string\"}}],\"inLanguage\":\"en-US\"}]}<\/script>\n<!-- \/ Yoast SEO plugin. -->","yoast_head_json":{"title":"Nossa Hist\u00f3ria - Zeli Advogados","robots":{"index":"index","follow":"follow","max-snippet":"max-snippet:-1","max-image-preview":"max-image-preview:large","max-video-preview":"max-video-preview:-1"},"canonical":"https:\/\/zeliadvogados.com.br\/index.php\/nossa-historia\/","og_locale":"en_US","og_type":"article","og_title":"Nossa Hist\u00f3ria - Zeli Advogados","og_description":"Nossa Hist\u00f3ria O escrit\u00f3rio Zeli Advogados iniciou com uma grande preocupa\u00e7\u00e3o em atender clientes de uma maneira diferenciada. Nossa s\u00f3cia sempre escutou seus pais reclamando de advogados que prestavam servi\u00e7os para a fam\u00edlia, os quais n\u00e3o davam suporte quanto ao processo em andamento. Sendo assim, sempre procurou fazer\u00a0 diferente em sua advocacia, e foi assim [&hellip;]","og_url":"https:\/\/zeliadvogados.com.br\/index.php\/nossa-historia\/","og_site_name":"Zeli Advogados","article_publisher":"https:\/\/www.facebook.com\/Zeliadvogados","article_modified_time":"2023-02-23T14:43:32+00:00","og_image":[{"url":"http:\/\/zeliadvogados.com.br\/wp-content\/uploads\/elementor\/thumbs\/Selo-Empresa-em-desenvolvimeto-1-1-scaled-q19c6nk59b2s1cui0audogti2r96hrd8xcbpqew2nk.jpg","type":"","width":"","height":""}],"twitter_card":"summary_large_image","twitter_misc":{"Est. reading time":"3 minutes"},"schema":{"@context":"https:\/\/schema.org","@graph":[{"@type":"WebPage","@id":"https:\/\/zeliadvogados.com.br\/index.php\/nossa-historia\/","url":"https:\/\/zeliadvogados.com.br\/index.php\/nossa-historia\/","name":"Nossa Hist\u00f3ria - Zeli Advogados","isPartOf":{"@id":"http:\/\/zeliadvogados.com.br\/#website"},"primaryImageOfPage":{"@id":"https:\/\/zeliadvogados.com.br\/index.php\/nossa-historia\/#primaryimage"},"image":{"@id":"https:\/\/zeliadvogados.com.br\/index.php\/nossa-historia\/#primaryimage"},"thumbnailUrl":"http:\/\/zeliadvogados.com.br\/wp-content\/uploads\/elementor\/thumbs\/Selo-Empresa-em-desenvolvimeto-1-1-scaled-q19c6nk59b2s1cui0audogti2r96hrd8xcbpqew2nk.jpg","datePublished":"2023-01-17T14:34:02+00:00","dateModified":"2023-02-23T14:43:32+00:00","breadcrumb":{"@id":"https:\/\/zeliadvogados.com.br\/index.php\/nossa-historia\/#breadcrumb"},"inLanguage":"en-US","potentialAction":[{"@type":"ReadAction","target":["https:\/\/zeliadvogados.com.br\/index.php\/nossa-historia\/"]}]},{"@type":"ImageObject","inLanguage":"en-US","@id":"https:\/\/zeliadvogados.com.br\/index.php\/nossa-historia\/#primaryimage","url":"http:\/\/zeliadvogados.com.br\/wp-content\/uploads\/elementor\/thumbs\/Selo-Empresa-em-desenvolvimeto-1-1-scaled-q19c6nk59b2s1cui0audogti2r96hrd8xcbpqew2nk.jpg","contentUrl":"http:\/\/zeliadvogados.com.br\/wp-content\/uploads\/elementor\/thumbs\/Selo-Empresa-em-desenvolvimeto-1-1-scaled-q19c6nk59b2s1cui0audogti2r96hrd8xcbpqew2nk.jpg"},{"@type":"BreadcrumbList","@id":"https:\/\/zeliadvogados.com.br\/index.php\/nossa-historia\/#breadcrumb","itemListElement":[{"@type":"ListItem","position":1,"name":"In\u00edcio","item":"http:\/\/zeliadvogados.com.br\/"},{"@type":"ListItem","position":2,"name":"Nossa Hist\u00f3ria"}]},{"@type":"WebSite","@id":"http:\/\/zeliadvogados.com.br\/#website","url":"http:\/\/zeliadvogados.com.br\/","name":"Zeli Advogados","description":"O ESCRIT\u00d3RIO DE ADVOCACIA MAIS RENOMADO DE S\u00c3O PAULO","potentialAction":[{"@type":"SearchAction","target":{"@type":"EntryPoint","urlTemplate":"http:\/\/zeliadvogados.com.br\/?s={search_term_string}"},"query-input":{"@type":"PropertyValueSpecification","valueRequired":true,"valueName":"search_term_string"}}],"inLanguage":"en-US"}]}},"_links":{"self":[{"href":"https:\/\/zeliadvogados.com.br\/index.php\/wp-json\/wp\/v2\/pages\/27","targetHints":{"allow":["GET"]}}],"collection":[{"href":"https:\/\/zeliadvogados.com.br\/index.php\/wp-json\/wp\/v2\/pages"}],"about":[{"href":"https:\/\/zeliadvogados.com.br\/index.php\/wp-json\/wp\/v2\/types\/page"}],"author":[{"embeddable":true,"href":"https:\/\/zeliadvogados.com.br\/index.php\/wp-json\/wp\/v2\/users\/1"}],"replies":[{"embeddable":true,"href":"https:\/\/zeliadvogados.com.br\/index.php\/wp-json\/wp\/v2\/comments?post=27"}],"version-history":[{"count":25,"href":"https:\/\/zeliadvogados.com.br\/index.php\/wp-json\/wp\/v2\/pages\/27\/revisions"}],"predecessor-version":[{"id":1613,"href":"https:\/\/zeliadvogados.com.br\/index.php\/wp-json\/wp\/v2\/pages\/27\/revisions\/1613"}],"wp:attachment":[{"href":"https:\/\/zeliadvogados.com.br\/index.php\/wp-json\/wp\/v2\/media?parent=27"}],"curies":[{"name":"wp","href":"https:\/\/api.w.org\/{rel}","templated":true}]}}