{"id":25,"date":"2023-01-17T11:33:52","date_gmt":"2023-01-17T14:33:52","guid":{"rendered":"http:\/\/zeliadvogados.com.br\/?page_id=25"},"modified":"2023-02-23T11:42:45","modified_gmt":"2023-02-23T14:42:45","slug":"direito-empresarial","status":"publish","type":"page","link":"https:\/\/zeliadvogados.com.br\/index.php\/direito-empresarial\/","title":{"rendered":"Direito Empresarial"},"content":{"rendered":"\t\t<div data-elementor-type=\"wp-page\" data-elementor-id=\"25\" class=\"elementor elementor-25\">\n\t\t\t\t\t\t<section class=\"elementor-section elementor-top-section elementor-element elementor-element-adfa002 elementor-section-height-min-height elementor-section-boxed elementor-section-height-default elementor-section-items-middle\" data-id=\"adfa002\" data-element_type=\"section\" data-e-type=\"section\" data-settings=\"{&quot;background_background&quot;:&quot;classic&quot;}\">\n\t\t\t\t\t\t\t<div class=\"elementor-background-overlay\"><\/div>\n\t\t\t\t\t\t\t<div class=\"elementor-container elementor-column-gap-default\">\n\t\t\t\t\t<div class=\"elementor-column elementor-col-100 elementor-top-column elementor-element elementor-element-92c05a7\" data-id=\"92c05a7\" data-element_type=\"column\" data-e-type=\"column\">\n\t\t\t<div class=\"elementor-widget-wrap elementor-element-populated\">\n\t\t\t\t\t\t<div class=\"elementor-element elementor-element-1d62e44 elementor-widget elementor-widget-heading\" data-id=\"1d62e44\" data-element_type=\"widget\" data-e-type=\"widget\" data-widget_type=\"heading.default\">\n\t\t\t\t<div class=\"elementor-widget-container\">\n\t\t\t\t\t<h2 class=\"elementor-heading-title elementor-size-default\">Direito Empresarial<\/h2>\t\t\t\t<\/div>\n\t\t\t\t<\/div>\n\t\t\t\t\t<\/div>\n\t\t<\/div>\n\t\t\t\t\t<\/div>\n\t\t<\/section>\n\t\t\t\t<section class=\"elementor-section elementor-top-section elementor-element elementor-element-217dc5b elementor-section-boxed elementor-section-height-default elementor-section-height-default\" data-id=\"217dc5b\" data-element_type=\"section\" data-e-type=\"section\" data-settings=\"{&quot;background_background&quot;:&quot;slideshow&quot;,&quot;background_slideshow_gallery&quot;:[{&quot;id&quot;:621,&quot;url&quot;:&quot;http:\\\/\\\/zeliadvogados.com.br\\\/wp-content\\\/uploads\\\/2023\\\/01\\\/Sem-nome-1920-\u00d7-1000-px-9.png&quot;}],&quot;background_slideshow_loop&quot;:&quot;yes&quot;,&quot;background_slideshow_slide_duration&quot;:5000,&quot;background_slideshow_slide_transition&quot;:&quot;fade&quot;,&quot;background_slideshow_transition_duration&quot;:500}\">\n\t\t\t\t\t\t<div class=\"elementor-container elementor-column-gap-default\">\n\t\t\t\t\t<div class=\"elementor-column elementor-col-100 elementor-top-column elementor-element elementor-element-16f0fa1\" data-id=\"16f0fa1\" data-element_type=\"column\" data-e-type=\"column\">\n\t\t\t<div class=\"elementor-widget-wrap elementor-element-populated\">\n\t\t\t\t\t\t<div class=\"elementor-element elementor-element-3404160 elementor-widget elementor-widget-text-editor\" data-id=\"3404160\" data-element_type=\"widget\" data-e-type=\"widget\" data-widget_type=\"text-editor.default\">\n\t\t\t\t<div class=\"elementor-widget-container\">\n\t\t\t\t\t\t\t\t\t<p><strong>Nosso papel, como especialista em direito societ\u00e1rio, \u00e9 de auxiliar na organiza\u00e7\u00e3o da estrutura empresarial, que \u00e9 vital para o desenvolvimento da corpora\u00e7\u00e3o.<\/strong><\/p>\n<p><strong>As empresas necessitam de acompanhamento estrat\u00e9gico para evitar grandes impactos no mercado financeiro. <\/strong><\/p>\n<p><strong>O papel do advogado \u00e9 de prestar assessoria e suporte para encontrar a solu\u00e7\u00e3o mais vantajosa para a empresa.<\/strong><\/p>\n<p><strong>O Zeli Advogados conta com profissionais que s\u00e3o recheados de todo o conhecimento e sensibilidade necess\u00e1rios para a condu\u00e7\u00e3o relacional entre s\u00f3cios, funcion\u00e1rios, clientes, parceiros, e demais rela\u00e7\u00f5es societ\u00e1rias dentro da companhia.<\/strong><\/p>\n<p><strong>Entre os servi\u00e7os oferecidos temos:<\/strong><\/p>\t\t\t\t\t\t\t\t<\/div>\n\t\t\t\t<\/div>\n\t\t\t\t\t<\/div>\n\t\t<\/div>\n\t\t\t\t\t<\/div>\n\t\t<\/section>\n\t\t\t\t<section class=\"elementor-section elementor-top-section elementor-element elementor-element-24ea88a elementor-section-boxed elementor-section-height-default elementor-section-height-default\" data-id=\"24ea88a\" data-element_type=\"section\" data-e-type=\"section\">\n\t\t\t\t\t\t<div class=\"elementor-container elementor-column-gap-default\">\n\t\t\t\t\t<div class=\"elementor-column elementor-col-100 elementor-top-column elementor-element elementor-element-b0fbcda\" data-id=\"b0fbcda\" data-element_type=\"column\" data-e-type=\"column\">\n\t\t\t<div class=\"elementor-widget-wrap elementor-element-populated\">\n\t\t\t\t\t\t<div class=\"elementor-element elementor-element-93b3ae0 elementor-widget elementor-widget-heading\" data-id=\"93b3ae0\" data-element_type=\"widget\" data-e-type=\"widget\" data-widget_type=\"heading.default\">\n\t\t\t\t<div class=\"elementor-widget-container\">\n\t\t\t\t\t<h2 class=\"elementor-heading-title elementor-size-default\">\u2022 Elabora\u00e7\u00e3o de Contratos de Sociedade<\/h2>\t\t\t\t<\/div>\n\t\t\t\t<\/div>\n\t\t\t\t<div class=\"elementor-element elementor-element-6f16de9 elementor-widget elementor-widget-text-editor\" data-id=\"6f16de9\" data-element_type=\"widget\" data-e-type=\"widget\" data-widget_type=\"text-editor.default\">\n\t\t\t\t<div class=\"elementor-widget-container\">\n\t\t\t\t\t\t\t\t\t<p>O escrit\u00f3rio atua na elabora\u00e7\u00e3o de contrato, seja de sociedade, de presta\u00e7\u00e3o de servi\u00e7os com todas as ressalvas necess\u00e1rias, trabalhistas para resguardar a empresa de qualquer problema futuro, termos de rescis\u00e3o, aditivos contratuais, notifica\u00e7\u00f5es extrajudiciais, entre outros.<\/p>\t\t\t\t\t\t\t\t<\/div>\n\t\t\t\t<\/div>\n\t\t\t\t\t<\/div>\n\t\t<\/div>\n\t\t\t\t\t<\/div>\n\t\t<\/section>\n\t\t\t\t<section class=\"elementor-section elementor-top-section elementor-element elementor-element-7121a8f elementor-section-boxed elementor-section-height-default elementor-section-height-default\" data-id=\"7121a8f\" data-element_type=\"section\" data-e-type=\"section\">\n\t\t\t\t\t\t<div class=\"elementor-container elementor-column-gap-default\">\n\t\t\t\t\t<div class=\"elementor-column elementor-col-100 elementor-top-column elementor-element elementor-element-f3df5dc\" data-id=\"f3df5dc\" data-element_type=\"column\" data-e-type=\"column\">\n\t\t\t<div class=\"elementor-widget-wrap elementor-element-populated\">\n\t\t\t\t\t\t<div class=\"elementor-element elementor-element-056ccd0 elementor-widget elementor-widget-heading\" data-id=\"056ccd0\" data-element_type=\"widget\" data-e-type=\"widget\" data-widget_type=\"heading.default\">\n\t\t\t\t<div class=\"elementor-widget-container\">\n\t\t\t\t\t<h2 class=\"elementor-heading-title elementor-size-default\">\u2022 An\u00e1lise Contratual, suporte jur\u00eddico empresarial e acompanhamentos processuais<\/h2>\t\t\t\t<\/div>\n\t\t\t\t<\/div>\n\t\t\t\t<div class=\"elementor-element elementor-element-5d29bd5 elementor-widget elementor-widget-text-editor\" data-id=\"5d29bd5\" data-element_type=\"widget\" data-e-type=\"widget\" data-widget_type=\"text-editor.default\">\n\t\t\t\t<div class=\"elementor-widget-container\">\n\t\t\t\t\t\t\t\t\t<p>O escrit\u00f3rio atua com an\u00e1lise de contratos, instru\u00e7\u00f5es sobre cl\u00e1usulas contratuais e seus riscos, suporte jur\u00eddico empresarial (esfera trabalhista, civil, consumerista, Procon), an\u00e1lise de processos em andamento, estrat\u00e9gias processuais, composi\u00e7\u00f5es de acordos amig\u00e1veis, apoio di\u00e1rio com suporte de d\u00favidas jur\u00eddicas espec\u00edficas, entre outros.<\/p>\t\t\t\t\t\t\t\t<\/div>\n\t\t\t\t<\/div>\n\t\t\t\t\t<\/div>\n\t\t<\/div>\n\t\t\t\t\t<\/div>\n\t\t<\/section>\n\t\t\t\t<section class=\"elementor-section elementor-top-section elementor-element elementor-element-32adb56 elementor-section-boxed elementor-section-height-default elementor-section-height-default\" data-id=\"32adb56\" data-element_type=\"section\" data-e-type=\"section\">\n\t\t\t\t\t\t<div class=\"elementor-container elementor-column-gap-default\">\n\t\t\t\t\t<div class=\"elementor-column elementor-col-100 elementor-top-column elementor-element elementor-element-89d054c\" data-id=\"89d054c\" data-element_type=\"column\" data-e-type=\"column\">\n\t\t\t<div class=\"elementor-widget-wrap elementor-element-populated\">\n\t\t\t\t\t\t<div class=\"elementor-element elementor-element-7703e59 elementor-widget elementor-widget-heading\" data-id=\"7703e59\" data-element_type=\"widget\" data-e-type=\"widget\" data-widget_type=\"heading.default\">\n\t\t\t\t<div class=\"elementor-widget-container\">\n\t\t\t\t\t<h2 class=\"elementor-heading-title elementor-size-default\">\u2022 Fus\u00f5es e\/ou Aquisi\u00e7\u00f5es<\/h2>\t\t\t\t<\/div>\n\t\t\t\t<\/div>\n\t\t\t\t<div class=\"elementor-element elementor-element-d909ea4 elementor-widget elementor-widget-text-editor\" data-id=\"d909ea4\" data-element_type=\"widget\" data-e-type=\"widget\" data-widget_type=\"text-editor.default\">\n\t\t\t\t<div class=\"elementor-widget-container\">\n\t\t\t\t\t\t\t\t\t<p>Estamos aptos a participar ativamente em negocia\u00e7\u00f5es sobre fus\u00f5es as quais necessitem de estrat\u00e9gia antecipadamente tra\u00e7ada, de&nbsp; forma que beneficie a rela\u00e7\u00e3o de confian\u00e7a que est\u00e1 sendo constru\u00edda.<\/p>\t\t\t\t\t\t\t\t<\/div>\n\t\t\t\t<\/div>\n\t\t\t\t\t<\/div>\n\t\t<\/div>\n\t\t\t\t\t<\/div>\n\t\t<\/section>\n\t\t\t\t<section class=\"elementor-section elementor-top-section elementor-element elementor-element-d393302 elementor-section-boxed elementor-section-height-default elementor-section-height-default\" data-id=\"d393302\" data-element_type=\"section\" data-e-type=\"section\">\n\t\t\t\t\t\t<div class=\"elementor-container elementor-column-gap-default\">\n\t\t\t\t\t<div class=\"elementor-column elementor-col-100 elementor-top-column elementor-element elementor-element-3e04ffe\" data-id=\"3e04ffe\" data-element_type=\"column\" data-e-type=\"column\">\n\t\t\t<div class=\"elementor-widget-wrap elementor-element-populated\">\n\t\t\t\t\t\t<div class=\"elementor-element elementor-element-b66fb4b elementor-widget elementor-widget-heading\" data-id=\"b66fb4b\" data-element_type=\"widget\" data-e-type=\"widget\" data-widget_type=\"heading.default\">\n\t\t\t\t<div class=\"elementor-widget-container\">\n\t\t\t\t\t<h2 class=\"elementor-heading-title elementor-size-default\">\u2022 Reestrutura\u00e7\u00e3o societ\u00e1ria, e Governan\u00e7a Corporativa<\/h2>\t\t\t\t<\/div>\n\t\t\t\t<\/div>\n\t\t\t\t<div class=\"elementor-element elementor-element-886eae0 elementor-widget elementor-widget-text-editor\" data-id=\"886eae0\" data-element_type=\"widget\" data-e-type=\"widget\" data-widget_type=\"text-editor.default\">\n\t\t\t\t<div class=\"elementor-widget-container\">\n\t\t\t\t\t\t\t\t\t<p>O escrit\u00f3rio trabalha com an\u00e1lise do quadro societ\u00e1rio do cliente e das empresas do grupo para identificar altera\u00e7\u00f5es em sua estrutura. Al\u00e9m de alterar a estrutura, os processos administrativos internos passam por determinadas altera\u00e7\u00f5es que ajudam no crescimento empresarial, aperfei\u00e7oando as boas pr\u00e1ticas internas e aumentando, consequentemente, o interesse de investidores e clientela.<\/p>\t\t\t\t\t\t\t\t<\/div>\n\t\t\t\t<\/div>\n\t\t\t\t\t<\/div>\n\t\t<\/div>\n\t\t\t\t\t<\/div>\n\t\t<\/section>\n\t\t\t\t<section class=\"elementor-section elementor-top-section elementor-element elementor-element-c95275b elementor-section-boxed elementor-section-height-default elementor-section-height-default\" data-id=\"c95275b\" data-element_type=\"section\" data-e-type=\"section\">\n\t\t\t\t\t\t<div class=\"elementor-container elementor-column-gap-default\">\n\t\t\t\t\t<div class=\"elementor-column elementor-col-100 elementor-top-column elementor-element elementor-element-f9b162b\" data-id=\"f9b162b\" data-element_type=\"column\" data-e-type=\"column\">\n\t\t\t<div class=\"elementor-widget-wrap elementor-element-populated\">\n\t\t\t\t\t\t<div class=\"elementor-element elementor-element-0349b26 elementor-widget elementor-widget-heading\" data-id=\"0349b26\" data-element_type=\"widget\" data-e-type=\"widget\" data-widget_type=\"heading.default\">\n\t\t\t\t<div class=\"elementor-widget-container\">\n\t\t\t\t\t<h2 class=\"elementor-heading-title elementor-size-default\">\u2022 Gest\u00e3o Patrimonial, Fam\u00edlia e Sucess\u00f5es<\/h2>\t\t\t\t<\/div>\n\t\t\t\t<\/div>\n\t\t\t\t<div class=\"elementor-element elementor-element-c1914e7 elementor-widget elementor-widget-text-editor\" data-id=\"c1914e7\" data-element_type=\"widget\" data-e-type=\"widget\" data-widget_type=\"text-editor.default\">\n\t\t\t\t<div class=\"elementor-widget-container\">\n\t\t\t\t\t\t\t\t\t<p>O escrit\u00f3rio tem conhecimento especializado em evitar conflitos e facilitar a sucess\u00e3o em uma empresa de forma preventiva. O planejamento sucess\u00f3rio traz uma reorganiza\u00e7\u00e3o, que anteriormente pode ter passado despercebida, e converte em cria\u00e7\u00e3o de conselhos e implementa\u00e7\u00e3o de pr\u00e1ticas para um melhor desenvolvimento dentro da empresa.<\/p>\t\t\t\t\t\t\t\t<\/div>\n\t\t\t\t<\/div>\n\t\t\t\t\t<\/div>\n\t\t<\/div>\n\t\t\t\t\t<\/div>\n\t\t<\/section>\n\t\t\t\t<section class=\"elementor-section elementor-top-section elementor-element elementor-element-c293d5c elementor-section-boxed elementor-section-height-default elementor-section-height-default\" data-id=\"c293d5c\" data-element_type=\"section\" data-e-type=\"section\">\n\t\t\t\t\t\t<div class=\"elementor-container elementor-column-gap-default\">\n\t\t\t\t\t<div class=\"elementor-column elementor-col-100 elementor-top-column elementor-element elementor-element-b57435c\" data-id=\"b57435c\" data-element_type=\"column\" data-e-type=\"column\">\n\t\t\t<div class=\"elementor-widget-wrap elementor-element-populated\">\n\t\t\t\t\t\t<div class=\"elementor-element elementor-element-6c23156 elementor-widget__width-auto elementor-fixed elementor-view-default elementor-invisible elementor-widget elementor-widget-icon\" data-id=\"6c23156\" data-element_type=\"widget\" data-e-type=\"widget\" data-settings=\"{&quot;_position&quot;:&quot;fixed&quot;,&quot;_animation&quot;:&quot;zoomInDown&quot;}\" data-widget_type=\"icon.default\">\n\t\t\t\t<div class=\"elementor-widget-container\">\n\t\t\t\t\t\t\t<div class=\"elementor-icon-wrapper\">\n\t\t\t<a class=\"elementor-icon elementor-animation-buzz\" href=\"https:\/\/wa.me\/5511974684373?text=Ol%C3%A1!%20Gostaria%20de%20falar%20sobre%20meu%20caso%20com%20um%20advogado!\">\n\t\t\t<i aria-hidden=\"true\" class=\"fab fa-whatsapp-square\"><\/i>\t\t\t<\/a>\n\t\t<\/div>\n\t\t\t\t\t\t<\/div>\n\t\t\t\t<\/div>\n\t\t\t\t\t<\/div>\n\t\t<\/div>\n\t\t\t\t\t<\/div>\n\t\t<\/section>\n\t\t\t\t<\/div>\n\t\t","protected":false},"excerpt":{"rendered":"<p>Direito Empresarial Nosso papel, como especialista em direito societ\u00e1rio, \u00e9 de auxiliar na organiza\u00e7\u00e3o da estrutura empresarial, que \u00e9 vital para o desenvolvimento da corpora\u00e7\u00e3o. As empresas necessitam de acompanhamento estrat\u00e9gico para evitar grandes impactos no mercado financeiro. O papel do advogado \u00e9 de prestar assessoria e suporte para encontrar a solu\u00e7\u00e3o mais vantajosa para [&hellip;]<\/p>\n","protected":false},"author":1,"featured_media":0,"parent":0,"menu_order":0,"comment_status":"closed","ping_status":"closed","template":"elementor_header_footer","meta":{"footnotes":""},"class_list":["post-25","page","type-page","status-publish","hentry"],"yoast_head":"<!-- This site is optimized with the Yoast SEO plugin v27.3 - https:\/\/yoast.com\/product\/yoast-seo-wordpress\/ -->\n<title>Direito Empresarial - Zeli Advogados<\/title>\n<meta name=\"robots\" content=\"index, follow, max-snippet:-1, max-image-preview:large, max-video-preview:-1\" \/>\n<link rel=\"canonical\" href=\"http:\/\/zeliadvogados.com.br\/index.php\/direito-empresarial\/\" \/>\n<meta property=\"og:locale\" content=\"en_US\" \/>\n<meta property=\"og:type\" content=\"article\" \/>\n<meta property=\"og:title\" content=\"Direito Empresarial - Zeli Advogados\" \/>\n<meta property=\"og:description\" content=\"Direito Empresarial Nosso papel, como especialista em direito societ\u00e1rio, \u00e9 de auxiliar na organiza\u00e7\u00e3o da estrutura empresarial, que \u00e9 vital para o desenvolvimento da corpora\u00e7\u00e3o. As empresas necessitam de acompanhamento estrat\u00e9gico para evitar grandes impactos no mercado financeiro. O papel do advogado \u00e9 de prestar assessoria e suporte para encontrar a solu\u00e7\u00e3o mais vantajosa para [&hellip;]\" \/>\n<meta property=\"og:url\" content=\"http:\/\/zeliadvogados.com.br\/index.php\/direito-empresarial\/\" \/>\n<meta property=\"og:site_name\" content=\"Zeli Advogados\" \/>\n<meta property=\"article:publisher\" content=\"https:\/\/www.facebook.com\/Zeliadvogados\" \/>\n<meta property=\"article:modified_time\" content=\"2023-02-23T14:42:45+00:00\" \/>\n<meta name=\"twitter:card\" content=\"summary_large_image\" \/>\n<meta name=\"twitter:label1\" content=\"Est. reading time\" \/>\n\t<meta name=\"twitter:data1\" content=\"2 minutes\" \/>\n<script type=\"application\/ld+json\" class=\"yoast-schema-graph\">{\"@context\":\"https:\\\/\\\/schema.org\",\"@graph\":[{\"@type\":\"WebPage\",\"@id\":\"http:\\\/\\\/zeliadvogados.com.br\\\/index.php\\\/direito-empresarial\\\/\",\"url\":\"http:\\\/\\\/zeliadvogados.com.br\\\/index.php\\\/direito-empresarial\\\/\",\"name\":\"Direito Empresarial - Zeli Advogados\",\"isPartOf\":{\"@id\":\"http:\\\/\\\/zeliadvogados.com.br\\\/#website\"},\"datePublished\":\"2023-01-17T14:33:52+00:00\",\"dateModified\":\"2023-02-23T14:42:45+00:00\",\"breadcrumb\":{\"@id\":\"http:\\\/\\\/zeliadvogados.com.br\\\/index.php\\\/direito-empresarial\\\/#breadcrumb\"},\"inLanguage\":\"en-US\",\"potentialAction\":[{\"@type\":\"ReadAction\",\"target\":[\"http:\\\/\\\/zeliadvogados.com.br\\\/index.php\\\/direito-empresarial\\\/\"]}]},{\"@type\":\"BreadcrumbList\",\"@id\":\"http:\\\/\\\/zeliadvogados.com.br\\\/index.php\\\/direito-empresarial\\\/#breadcrumb\",\"itemListElement\":[{\"@type\":\"ListItem\",\"position\":1,\"name\":\"In\u00edcio\",\"item\":\"http:\\\/\\\/zeliadvogados.com.br\\\/\"},{\"@type\":\"ListItem\",\"position\":2,\"name\":\"Direito Empresarial\"}]},{\"@type\":\"WebSite\",\"@id\":\"http:\\\/\\\/zeliadvogados.com.br\\\/#website\",\"url\":\"http:\\\/\\\/zeliadvogados.com.br\\\/\",\"name\":\"Zeli Advogados\",\"description\":\"O ESCRIT\u00d3RIO DE ADVOCACIA MAIS RENOMADO DE S\u00c3O PAULO\",\"potentialAction\":[{\"@type\":\"SearchAction\",\"target\":{\"@type\":\"EntryPoint\",\"urlTemplate\":\"http:\\\/\\\/zeliadvogados.com.br\\\/?s={search_term_string}\"},\"query-input\":{\"@type\":\"PropertyValueSpecification\",\"valueRequired\":true,\"valueName\":\"search_term_string\"}}],\"inLanguage\":\"en-US\"}]}<\/script>\n<!-- \/ Yoast SEO plugin. -->","yoast_head_json":{"title":"Direito Empresarial - Zeli Advogados","robots":{"index":"index","follow":"follow","max-snippet":"max-snippet:-1","max-image-preview":"max-image-preview:large","max-video-preview":"max-video-preview:-1"},"canonical":"http:\/\/zeliadvogados.com.br\/index.php\/direito-empresarial\/","og_locale":"en_US","og_type":"article","og_title":"Direito Empresarial - Zeli Advogados","og_description":"Direito Empresarial Nosso papel, como especialista em direito societ\u00e1rio, \u00e9 de auxiliar na organiza\u00e7\u00e3o da estrutura empresarial, que \u00e9 vital para o desenvolvimento da corpora\u00e7\u00e3o. As empresas necessitam de acompanhamento estrat\u00e9gico para evitar grandes impactos no mercado financeiro. O papel do advogado \u00e9 de prestar assessoria e suporte para encontrar a solu\u00e7\u00e3o mais vantajosa para [&hellip;]","og_url":"http:\/\/zeliadvogados.com.br\/index.php\/direito-empresarial\/","og_site_name":"Zeli Advogados","article_publisher":"https:\/\/www.facebook.com\/Zeliadvogados","article_modified_time":"2023-02-23T14:42:45+00:00","twitter_card":"summary_large_image","twitter_misc":{"Est. reading time":"2 minutes"},"schema":{"@context":"https:\/\/schema.org","@graph":[{"@type":"WebPage","@id":"http:\/\/zeliadvogados.com.br\/index.php\/direito-empresarial\/","url":"http:\/\/zeliadvogados.com.br\/index.php\/direito-empresarial\/","name":"Direito Empresarial - Zeli Advogados","isPartOf":{"@id":"http:\/\/zeliadvogados.com.br\/#website"},"datePublished":"2023-01-17T14:33:52+00:00","dateModified":"2023-02-23T14:42:45+00:00","breadcrumb":{"@id":"http:\/\/zeliadvogados.com.br\/index.php\/direito-empresarial\/#breadcrumb"},"inLanguage":"en-US","potentialAction":[{"@type":"ReadAction","target":["http:\/\/zeliadvogados.com.br\/index.php\/direito-empresarial\/"]}]},{"@type":"BreadcrumbList","@id":"http:\/\/zeliadvogados.com.br\/index.php\/direito-empresarial\/#breadcrumb","itemListElement":[{"@type":"ListItem","position":1,"name":"In\u00edcio","item":"http:\/\/zeliadvogados.com.br\/"},{"@type":"ListItem","position":2,"name":"Direito Empresarial"}]},{"@type":"WebSite","@id":"http:\/\/zeliadvogados.com.br\/#website","url":"http:\/\/zeliadvogados.com.br\/","name":"Zeli Advogados","description":"O ESCRIT\u00d3RIO DE ADVOCACIA MAIS RENOMADO DE S\u00c3O PAULO","potentialAction":[{"@type":"SearchAction","target":{"@type":"EntryPoint","urlTemplate":"http:\/\/zeliadvogados.com.br\/?s={search_term_string}"},"query-input":{"@type":"PropertyValueSpecification","valueRequired":true,"valueName":"search_term_string"}}],"inLanguage":"en-US"}]}},"_links":{"self":[{"href":"https:\/\/zeliadvogados.com.br\/index.php\/wp-json\/wp\/v2\/pages\/25","targetHints":{"allow":["GET"]}}],"collection":[{"href":"https:\/\/zeliadvogados.com.br\/index.php\/wp-json\/wp\/v2\/pages"}],"about":[{"href":"https:\/\/zeliadvogados.com.br\/index.php\/wp-json\/wp\/v2\/types\/page"}],"author":[{"embeddable":true,"href":"https:\/\/zeliadvogados.com.br\/index.php\/wp-json\/wp\/v2\/users\/1"}],"replies":[{"embeddable":true,"href":"https:\/\/zeliadvogados.com.br\/index.php\/wp-json\/wp\/v2\/comments?post=25"}],"version-history":[{"count":19,"href":"https:\/\/zeliadvogados.com.br\/index.php\/wp-json\/wp\/v2\/pages\/25\/revisions"}],"predecessor-version":[{"id":1601,"href":"https:\/\/zeliadvogados.com.br\/index.php\/wp-json\/wp\/v2\/pages\/25\/revisions\/1601"}],"wp:attachment":[{"href":"https:\/\/zeliadvogados.com.br\/index.php\/wp-json\/wp\/v2\/media?parent=25"}],"curies":[{"name":"wp","href":"https:\/\/api.w.org\/{rel}","templated":true}]}}